{"id":10127,"date":"2022-03-02T16:59:31","date_gmt":"2022-03-02T15:59:31","guid":{"rendered":"https:\/\/www.breesnewworld.nl\/?post_type=product&#038;p=10127"},"modified":"2025-10-03T11:53:27","modified_gmt":"2025-10-03T09:53:27","slug":"fluebarstol-medium","status":"publish","type":"product","link":"https:\/\/www.breesnewworld.nl\/da\/samling\/barkrukken\/fluebarstol-medium\/","title":{"rendered":"Fluebarstol \u2013 medium"},"content":{"rendered":"","protected":false},"excerpt":{"rendered":"Den moderne barstol Fly er en god tilf\u00f8jelse til spisestuestolen med samme navn. Den stigende popularitet for k\u00f8kkener med en \u00f8 eller bar betyder, at eftersp\u00f8rgslen efter barstole, der matcher spisepladsen, ogs\u00e5 er steget. S\u00e5dan blev Fly barstolen udviklet, som har en lidt mindre skal end spisestuestolen, men ogs\u00e5 de samme elegante linjer i ryggen. En tynd, metal cantilever -ramme er valgt som base, som holder Fluen p\u00e6n og luftig. Udover den h\u00f8je barstol, Fly, indeholder vores samling ogs\u00e5 en lav barstol og <a href=\"https:\/\/www.breesnewworld.nl\/da\/samling\/eetkamerstoelen\/flyve\/\">spisestol<\/a> flyve.","protected":false},"featured_media":10123,"template":"","meta":{"_acf_changed":false},"product_brand":[],"product_cat":[79],"product_tag":[],"class_list":{"0":"post-10127","1":"product","2":"type-product","3":"status-publish","4":"has-post-thumbnail","6":"product_cat-barkrukken","8":"first","9":"instock","10":"taxable","11":"shipping-taxable","12":"product-type-simple"},"exclude_global_add_ons":[],"addons":[],"acf":[],"yoast_head":null,"yoast_head_json":null,"_links":{"self":[{"href":"https:\/\/www.breesnewworld.nl\/da\/wp-json\/wp\/v2\/product\/10127","targetHints":{"allow":["GET"]}}],"collection":[{"href":"https:\/\/www.breesnewworld.nl\/da\/wp-json\/wp\/v2\/product"}],"about":[{"href":"https:\/\/www.breesnewworld.nl\/da\/wp-json\/wp\/v2\/types\/product"}],"wp:featuredmedia":[{"embeddable":true,"href":"https:\/\/www.breesnewworld.nl\/da\/wp-json\/wp\/v2\/media\/10123"}],"wp:attachment":[{"href":"https:\/\/www.breesnewworld.nl\/da\/wp-json\/wp\/v2\/media?parent=10127"}],"wp:term":[{"taxonomy":"product_brand","embeddable":true,"href":"https:\/\/www.breesnewworld.nl\/da\/wp-json\/wp\/v2\/product_brand?post=10127"},{"taxonomy":"product_cat","embeddable":true,"href":"https:\/\/www.breesnewworld.nl\/da\/wp-json\/wp\/v2\/product_cat?post=10127"},{"taxonomy":"product_tag","embeddable":true,"href":"https:\/\/www.breesnewworld.nl\/da\/wp-json\/wp\/v2\/product_tag?post=10127"}],"curies":[{"name":"wp","href":"https:\/\/api.w.org\/{rel}","templated":true}]}}