{"id":10167,"date":"2022-03-27T10:39:57","date_gmt":"2022-03-27T08:39:57","guid":{"rendered":"https:\/\/www.breesnewworld.nl\/?post_type=product&#038;p=10167"},"modified":"2025-10-17T16:14:30","modified_gmt":"2025-10-17T14:14:30","slug":"overskyet-sideborde","status":"publish","type":"product","link":"https:\/\/www.breesnewworld.nl\/da\/samling\/salontafels-en-bijzettafels\/overskyet-sideborde\/","title":{"rendered":"Overskyet \u2013 Hj\u00f8rneborde"},"content":{"rendered":"","protected":false},"excerpt":{"rendered":"Efter introduktionen af Cloudy <a href=\"https:\/\/www.breesnewworld.nl\/da\/samling\/salontafels-en-bijzettafels\/uklar-hpl-plastik\/\">sofaborde<\/a> de Cloudy &#039;familie&#039; sofaborde og sideborde, ligesom dem fra Twinny, er ogs\u00e5 ret omfattende. Cloudy sideborde (eller &#039;hj\u00f8rneborde&#039;, som vi plejer at kalde dem) kan placeres hvor som helst i huset takket v\u00e6re deres lette v\u00e6gt og minimalistiske design. Ved siden af sofaen som hj\u00f8rnebord, ved siden af en l\u00e6nestol som sidebord eller som lampebord i hallen eller stuen Takket v\u00e6re de mange materialemuligheder kan disse sm\u00e5 Cloudy&#039;er ogs\u00e5 tilpasses mange typer interi\u00f8r. V\u00e6lg den kombination, der passer dig: fra et s\u00e6t i marmorlook til tr\u00e6 med keramik, fra FenixNTM med tr\u00e6finer til forskellige HPL-kombinationer. Udover at v\u00e6re et s\u00e6t p\u00e5 to borde, kan Cloudy sidebordene ogs\u00e5 bruges som et s\u00e6t p\u00e5 tre, da benene f\u00e5s i tre forskellige h\u00f8jder. Designer: Peter Schreuder Goedheijt.","protected":false},"featured_media":10168,"template":"","meta":{"_acf_changed":false},"product_brand":[],"product_cat":[77,105],"product_tag":[],"class_list":{"0":"post-10167","1":"product","2":"type-product","3":"status-publish","4":"has-post-thumbnail","6":"product_cat-salontafels-en-bijzettafels","7":"product_cat-tafel-bij-bank","9":"first","10":"instock","11":"taxable","12":"shipping-taxable","13":"product-type-simple"},"exclude_global_add_ons":[],"addons":[],"acf":[],"yoast_head":null,"yoast_head_json":null,"_links":{"self":[{"href":"https:\/\/www.breesnewworld.nl\/da\/wp-json\/wp\/v2\/product\/10167","targetHints":{"allow":["GET"]}}],"collection":[{"href":"https:\/\/www.breesnewworld.nl\/da\/wp-json\/wp\/v2\/product"}],"about":[{"href":"https:\/\/www.breesnewworld.nl\/da\/wp-json\/wp\/v2\/types\/product"}],"wp:featuredmedia":[{"embeddable":true,"href":"https:\/\/www.breesnewworld.nl\/da\/wp-json\/wp\/v2\/media\/10168"}],"wp:attachment":[{"href":"https:\/\/www.breesnewworld.nl\/da\/wp-json\/wp\/v2\/media?parent=10167"}],"wp:term":[{"taxonomy":"product_brand","embeddable":true,"href":"https:\/\/www.breesnewworld.nl\/da\/wp-json\/wp\/v2\/product_brand?post=10167"},{"taxonomy":"product_cat","embeddable":true,"href":"https:\/\/www.breesnewworld.nl\/da\/wp-json\/wp\/v2\/product_cat?post=10167"},{"taxonomy":"product_tag","embeddable":true,"href":"https:\/\/www.breesnewworld.nl\/da\/wp-json\/wp\/v2\/product_tag?post=10167"}],"curies":[{"name":"wp","href":"https:\/\/api.w.org\/{rel}","templated":true}]}}