{"id":10169,"date":"2022-03-29T15:28:25","date_gmt":"2022-03-29T13:28:25","guid":{"rendered":"https:\/\/www.breesnewworld.nl\/?post_type=product&#038;p=10169"},"modified":"2025-10-03T12:21:43","modified_gmt":"2025-10-03T10:21:43","slug":"rikki-barstol-hoj","status":"publish","type":"product","link":"https:\/\/www.breesnewworld.nl\/da\/collectie\/barkrukken\/rikki-barkruk-hoog\/","title":{"rendered":"Rikki barstol \u2013 h\u00f8j"},"content":{"rendered":"","protected":false},"excerpt":{"rendered":"Barstol Rikki er en moderne barstol med et elegant og diskret look. Det minimalistiske medestel holder barstolen flot og luftig, men er alligevel meget stabil. Med en sort ramme og et s\u00e6de i robust, forvitret l\u00e6der ser denne barstol rigtig flot ud, hvis du vil give indretningen af din pub eller stue et varmt og industrielt look. Som alle barstole fra Bree&#039;s New World f\u00e5s Rikki i to h\u00f8jder for at tilbyde forskellige anvendelsesmuligheder. For eksempel kan denne barstol bruges i k\u00f8kkenet ved en koge\u00f8, men ogs\u00e5 ved et barbord eller en bar. Stellet f\u00e5s i rustfrit st\u00e5l eller epoxy. Ud over denne h\u00f8je barstol er der ogs\u00e5... <a href=\"https:\/\/www.breesnewworld.nl\/da\/samling\/barkrukken\/rikki-barstol-lav\/\">medium Rikki barstol<\/a>, samt <a href=\"https:\/\/www.breesnewworld.nl\/da\/samling\/eetkamerstoelen\/rikki-pote\/\">spisestol<\/a> Rikki.","protected":false},"featured_media":10171,"template":"","meta":{"_acf_changed":false},"product_brand":[],"product_cat":[79],"product_tag":[],"class_list":{"0":"post-10169","1":"product","2":"type-product","3":"status-publish","4":"has-post-thumbnail","6":"product_cat-barkrukken","8":"first","9":"instock","10":"taxable","11":"shipping-taxable","12":"product-type-simple"},"exclude_global_add_ons":[],"addons":[],"acf":[],"yoast_head":null,"yoast_head_json":null,"_links":{"self":[{"href":"https:\/\/www.breesnewworld.nl\/da\/wp-json\/wp\/v2\/product\/10169","targetHints":{"allow":["GET"]}}],"collection":[{"href":"https:\/\/www.breesnewworld.nl\/da\/wp-json\/wp\/v2\/product"}],"about":[{"href":"https:\/\/www.breesnewworld.nl\/da\/wp-json\/wp\/v2\/types\/product"}],"wp:featuredmedia":[{"embeddable":true,"href":"https:\/\/www.breesnewworld.nl\/da\/wp-json\/wp\/v2\/media\/10171"}],"wp:attachment":[{"href":"https:\/\/www.breesnewworld.nl\/da\/wp-json\/wp\/v2\/media?parent=10169"}],"wp:term":[{"taxonomy":"product_brand","embeddable":true,"href":"https:\/\/www.breesnewworld.nl\/da\/wp-json\/wp\/v2\/product_brand?post=10169"},{"taxonomy":"product_cat","embeddable":true,"href":"https:\/\/www.breesnewworld.nl\/da\/wp-json\/wp\/v2\/product_cat?post=10169"},{"taxonomy":"product_tag","embeddable":true,"href":"https:\/\/www.breesnewworld.nl\/da\/wp-json\/wp\/v2\/product_tag?post=10169"}],"curies":[{"name":"wp","href":"https:\/\/api.w.org\/{rel}","templated":true}]}}