{"id":10198,"date":"2022-04-01T10:22:38","date_gmt":"2022-04-01T08:22:38","guid":{"rendered":"https:\/\/www.breesnewworld.nl\/?post_type=product&#038;p=10198"},"modified":"2025-10-03T12:30:10","modified_gmt":"2025-10-03T10:30:10","slug":"spin-r-barstol-lav","status":"publish","type":"product","link":"https:\/\/www.breesnewworld.nl\/da\/samling\/barkrukken\/spin-r-barstol-lav\/","title":{"rendered":"Spin R \u2013 barstol medium"},"content":{"rendered":"","protected":false},"excerpt":{"rendered":"Barstol Spin R, eller Rikki barstol med tr\u00e6ben. Spinboxen i eg eller valn\u00f8d, som denne barstol st\u00e5r p\u00e5, er den samme som spisestuestolens <a href=\"https:\/\/www.breesnewworld.nl\/da\/samling\/eetkamerstoelen\/spin-r\/\">Spider R.<\/a>, hvilket g\u00f8r det meget rart at kombinere denne barstol i samme stue. Takket v\u00e6re de to forskellige h\u00f8jder, som den f\u00e5s i, kan Spin R barstolen bruges ved et barbord, koge\u00f8 eller k\u00f8kkenenhed.","protected":false},"featured_media":10202,"template":"","meta":{"_acf_changed":false},"product_brand":[],"product_cat":[79],"product_tag":[],"class_list":{"0":"post-10198","1":"product","2":"type-product","3":"status-publish","4":"has-post-thumbnail","6":"product_cat-barkrukken","8":"first","9":"instock","10":"taxable","11":"shipping-taxable","12":"product-type-simple"},"exclude_global_add_ons":[],"addons":[],"acf":[],"yoast_head":null,"yoast_head_json":null,"_links":{"self":[{"href":"https:\/\/www.breesnewworld.nl\/da\/wp-json\/wp\/v2\/product\/10198","targetHints":{"allow":["GET"]}}],"collection":[{"href":"https:\/\/www.breesnewworld.nl\/da\/wp-json\/wp\/v2\/product"}],"about":[{"href":"https:\/\/www.breesnewworld.nl\/da\/wp-json\/wp\/v2\/types\/product"}],"wp:featuredmedia":[{"embeddable":true,"href":"https:\/\/www.breesnewworld.nl\/da\/wp-json\/wp\/v2\/media\/10202"}],"wp:attachment":[{"href":"https:\/\/www.breesnewworld.nl\/da\/wp-json\/wp\/v2\/media?parent=10198"}],"wp:term":[{"taxonomy":"product_brand","embeddable":true,"href":"https:\/\/www.breesnewworld.nl\/da\/wp-json\/wp\/v2\/product_brand?post=10198"},{"taxonomy":"product_cat","embeddable":true,"href":"https:\/\/www.breesnewworld.nl\/da\/wp-json\/wp\/v2\/product_cat?post=10198"},{"taxonomy":"product_tag","embeddable":true,"href":"https:\/\/www.breesnewworld.nl\/da\/wp-json\/wp\/v2\/product_tag?post=10198"}],"curies":[{"name":"wp","href":"https:\/\/api.w.org\/{rel}","templated":true}]}}