{"id":10199,"date":"2022-04-01T10:26:58","date_gmt":"2022-04-01T08:26:58","guid":{"rendered":"https:\/\/www.breesnewworld.nl\/?post_type=product&#038;p=10199"},"modified":"2025-10-03T11:55:46","modified_gmt":"2025-10-03T09:55:46","slug":"ace-ii-g-bar-skammel-hoj","status":"publish","type":"product","link":"https:\/\/www.breesnewworld.nl\/da\/samling\/barkrukken\/ace-ii-g-bar-skammel-hoj\/","title":{"rendered":"Ace II-G barstol \u2013 h\u00f8j"},"content":{"rendered":"","protected":false},"excerpt":{"rendered":"Barstolen Ace II-G er en moderne barstol med et elegant og diskret look. Det minimalistiske medestel holder barstolen flot og luftig, men er alligevel meget stabil. Med en sort ramme og et s\u00e6de i robust, forvitret l\u00e6der ser denne barstol rigtig flot ud, hvis du \u00f8nsker at give indretningen af din pub eller stue et varmt og industrielt look. Som alle barstole fra Bree&#039;s New World f\u00e5s Ace II-G i to h\u00f8jder for at tilbyde forskellige anvendelsesmuligheder. For eksempel kan denne barstol bruges i k\u00f8kkenet ved en koge\u00f8, men ogs\u00e5 ved et barbord eller en bar. Stellet f\u00e5s i rustfrit st\u00e5l eller sort epoxy. Ud over denne h\u00f8je barstol er der ogs\u00e5... <a href=\"https:\/\/www.breesnewworld.nl\/da\/samling\/barkrukken\/ace-ii-g-barstol-lav\/\">lavt es II-G<\/a> barstol, samt spisestuestolen <a href=\"https:\/\/www.breesnewworld.nl\/da\/samling\/eetkamerstoelen\/ace-ii-g\/\">Ace II-G<\/a>.","protected":false},"featured_media":10172,"template":"","meta":{"_acf_changed":false},"product_brand":[],"product_cat":[79],"product_tag":[],"class_list":{"0":"post-10199","1":"product","2":"type-product","3":"status-publish","4":"has-post-thumbnail","6":"product_cat-barkrukken","8":"first","9":"instock","10":"taxable","11":"shipping-taxable","12":"product-type-simple"},"exclude_global_add_ons":[],"addons":[],"acf":[],"yoast_head":null,"yoast_head_json":null,"_links":{"self":[{"href":"https:\/\/www.breesnewworld.nl\/da\/wp-json\/wp\/v2\/product\/10199","targetHints":{"allow":["GET"]}}],"collection":[{"href":"https:\/\/www.breesnewworld.nl\/da\/wp-json\/wp\/v2\/product"}],"about":[{"href":"https:\/\/www.breesnewworld.nl\/da\/wp-json\/wp\/v2\/types\/product"}],"wp:featuredmedia":[{"embeddable":true,"href":"https:\/\/www.breesnewworld.nl\/da\/wp-json\/wp\/v2\/media\/10172"}],"wp:attachment":[{"href":"https:\/\/www.breesnewworld.nl\/da\/wp-json\/wp\/v2\/media?parent=10199"}],"wp:term":[{"taxonomy":"product_brand","embeddable":true,"href":"https:\/\/www.breesnewworld.nl\/da\/wp-json\/wp\/v2\/product_brand?post=10199"},{"taxonomy":"product_cat","embeddable":true,"href":"https:\/\/www.breesnewworld.nl\/da\/wp-json\/wp\/v2\/product_cat?post=10199"},{"taxonomy":"product_tag","embeddable":true,"href":"https:\/\/www.breesnewworld.nl\/da\/wp-json\/wp\/v2\/product_tag?post=10199"}],"curies":[{"name":"wp","href":"https:\/\/api.w.org\/{rel}","templated":true}]}}