{"id":10200,"date":"2022-04-01T10:35:38","date_gmt":"2022-04-01T08:35:38","guid":{"rendered":"https:\/\/www.breesnewworld.nl\/?post_type=product&#038;p=10200"},"modified":"2025-10-03T11:48:10","modified_gmt":"2025-10-03T09:48:10","slug":"ace-ii-g-barstol-lav","status":"publish","type":"product","link":"https:\/\/www.breesnewworld.nl\/da\/collectie\/barkrukken\/ace-ii-g-barkruk-medium\/","title":{"rendered":"Ace II-G barstol \u2013 medium"},"content":{"rendered":"","protected":false},"excerpt":{"rendered":"Barstol Ace II-G er en moderne barstol med et elegant, subtilt udseende. Det minimalistiske sl\u00e6destel holder denne barstol flot og luftig, men er ikke desto mindre meget stabil. Med et sort stel og et s\u00e6de i robust, slidt l\u00e6der ser denne barstol meget flot ud, hvis du vil give interi\u00f8ret i din pub eller stue et varmt, industrielt look. Som alle Bree&#039;s New World barstole er Ace II-G tilg\u00e6ngelig i to h\u00f8jder for at tilbyde forskellige anvendelsesmuligheder. Denne barstol kan bruges i k\u00f8kkenet p\u00e5 en koge\u00f8, men ogs\u00e5 ved et barbord eller en bar. Rammen f\u00e5s i rustfrit st\u00e5l eller sort epoxy. Udover denne lave barstol er der ogs\u00e5 den <a href=\"https:\/\/www.breesnewworld.nl\/da\/samling\/barkrukken\/ace-ii-g-bar-skammel-hoj\/\">h\u00f8j Ace-II-G<\/a>\u00a0barstol, samt spisestuestolen <a href=\"https:\/\/www.breesnewworld.nl\/da\/samling\/eetkamerstoelen\/ace-ii-g\/\">Ace II-G<\/a>. Udover denne lave barstol er der ogs\u00e5 den h\u00f8je Ace-II-G barstol, samt Ace II-G spisestuestolen.","protected":false},"featured_media":10173,"template":"","meta":{"_acf_changed":false},"product_brand":[],"product_cat":[79],"product_tag":[],"class_list":{"0":"post-10200","1":"product","2":"type-product","3":"status-publish","4":"has-post-thumbnail","6":"product_cat-barkrukken","8":"first","9":"instock","10":"taxable","11":"shipping-taxable","12":"product-type-simple"},"exclude_global_add_ons":[],"addons":[],"acf":[],"yoast_head":null,"yoast_head_json":null,"_links":{"self":[{"href":"https:\/\/www.breesnewworld.nl\/da\/wp-json\/wp\/v2\/product\/10200","targetHints":{"allow":["GET"]}}],"collection":[{"href":"https:\/\/www.breesnewworld.nl\/da\/wp-json\/wp\/v2\/product"}],"about":[{"href":"https:\/\/www.breesnewworld.nl\/da\/wp-json\/wp\/v2\/types\/product"}],"wp:featuredmedia":[{"embeddable":true,"href":"https:\/\/www.breesnewworld.nl\/da\/wp-json\/wp\/v2\/media\/10173"}],"wp:attachment":[{"href":"https:\/\/www.breesnewworld.nl\/da\/wp-json\/wp\/v2\/media?parent=10200"}],"wp:term":[{"taxonomy":"product_brand","embeddable":true,"href":"https:\/\/www.breesnewworld.nl\/da\/wp-json\/wp\/v2\/product_brand?post=10200"},{"taxonomy":"product_cat","embeddable":true,"href":"https:\/\/www.breesnewworld.nl\/da\/wp-json\/wp\/v2\/product_cat?post=10200"},{"taxonomy":"product_tag","embeddable":true,"href":"https:\/\/www.breesnewworld.nl\/da\/wp-json\/wp\/v2\/product_tag?post=10200"}],"curies":[{"name":"wp","href":"https:\/\/api.w.org\/{rel}","templated":true}]}}