{"id":10230,"date":"2022-04-14T11:31:23","date_gmt":"2022-04-14T09:31:23","guid":{"rendered":"https:\/\/www.breesnewworld.nl\/?post_type=product&#038;p=10230"},"modified":"2025-10-10T10:01:28","modified_gmt":"2025-10-10T08:01:28","slug":"freya-spisebord-dansk-oval","status":"publish","type":"product","link":"https:\/\/www.breesnewworld.nl\/da\/samling\/eettafels\/freya-spisebord-dansk-oval\/","title":{"rendered":"Freya \u2013 dansk ovalt spisebord"},"content":{"rendered":"","protected":false},"excerpt":{"rendered":"Det danske Freya ovale spisebord er et slankt designbord til den moderne spisestue. Den danske ovale bordplade har smarte afrundede sider, som i kombination med den lyse, sorte metalbund giver et rummeligt udtryk til din spisestue. Apropos plads, s\u00e5 f\u00e5s Freya bordpladen i mange materialer op til en l\u00e6ngde p\u00e5 297 cm, hvilket g\u00f8r dette spisebord s\u00e6rdeles velegnet til store rum. S\u00e5 hvis spisepladsen i din stue kunne tr\u00e6nge til noget fyld, vil Freyaen med gl\u00e6de flyde indenfor. Ud over spisestuen kan Freyaen ogs\u00e5 godt bruges inden for projektdesignet. S\u00e5 hvis dit m\u00f8delokale eller konferencelokale kunne bruge et l\u00e6kkert designbord med stole, er du velkommen til at tjekke mulighederne for Freya. En fin konferencestol at tilslutte sig er blandt andet den drejelige spisestuestol <a href=\"https:\/\/www.breesnewworld.nl\/da\/samling\/eetkamerstoelen\/kiq-arm\/\">Kiq<\/a> med arml\u00e6n.","protected":false},"featured_media":10391,"template":"","meta":{"_acf_changed":false},"product_brand":[],"product_cat":[73],"product_tag":[],"class_list":{"0":"post-10230","1":"product","2":"type-product","3":"status-publish","4":"has-post-thumbnail","6":"product_cat-eettafels","8":"first","9":"instock","10":"taxable","11":"shipping-taxable","12":"product-type-simple"},"exclude_global_add_ons":[],"addons":[],"acf":[],"yoast_head":null,"yoast_head_json":null,"_links":{"self":[{"href":"https:\/\/www.breesnewworld.nl\/da\/wp-json\/wp\/v2\/product\/10230","targetHints":{"allow":["GET"]}}],"collection":[{"href":"https:\/\/www.breesnewworld.nl\/da\/wp-json\/wp\/v2\/product"}],"about":[{"href":"https:\/\/www.breesnewworld.nl\/da\/wp-json\/wp\/v2\/types\/product"}],"wp:featuredmedia":[{"embeddable":true,"href":"https:\/\/www.breesnewworld.nl\/da\/wp-json\/wp\/v2\/media\/10391"}],"wp:attachment":[{"href":"https:\/\/www.breesnewworld.nl\/da\/wp-json\/wp\/v2\/media?parent=10230"}],"wp:term":[{"taxonomy":"product_brand","embeddable":true,"href":"https:\/\/www.breesnewworld.nl\/da\/wp-json\/wp\/v2\/product_brand?post=10230"},{"taxonomy":"product_cat","embeddable":true,"href":"https:\/\/www.breesnewworld.nl\/da\/wp-json\/wp\/v2\/product_cat?post=10230"},{"taxonomy":"product_tag","embeddable":true,"href":"https:\/\/www.breesnewworld.nl\/da\/wp-json\/wp\/v2\/product_tag?post=10230"}],"curies":[{"name":"wp","href":"https:\/\/api.w.org\/{rel}","templated":true}]}}