{"id":10234,"date":"2022-04-14T16:24:28","date_gmt":"2022-04-14T14:24:28","guid":{"rendered":"https:\/\/www.breesnewworld.nl\/?post_type=product&#038;p=10234"},"modified":"2025-10-10T11:00:48","modified_gmt":"2025-10-10T09:00:48","slug":"steelyxl-spisebord-okologisk","status":"publish","type":"product","link":"https:\/\/www.breesnewworld.nl\/da\/collectie\/eettafels\/steelyxl-eettafel-eivormig\/","title":{"rendered":"Steely XL \u2013 spisebord \u00f8kologisk"},"content":{"rendered":"","protected":false},"excerpt":{"rendered":"Vores popul\u00e6re \u00f8kologiske spisebord <a href=\"https:\/\/www.breesnewworld.nl\/da\/samling\/eettafels\/stal-aeg-formet-spisebord\/\">Steely<\/a> har v\u00e6ret en af trends\u00e6tterne i vores kollektion af spiseborde i mange \u00e5r nu. Vi blev dog ogs\u00e5 j\u00e6vnligt spurgt, om Steely spisebordet ogs\u00e5 kunne leveres i en noget st\u00f8rre udgave. Dermed var Steely XL f\u00f8dt, eller Steely med en st\u00f8rre bundplade og st\u00f8rre bordplade. Det \u00e6gformede blad har n\u00f8jagtig samme form som den almindelige Steely, men med m\u00e5l p\u00e5 168,5 gange 150 cm er det betydeligt st\u00f8rre, s\u00e5 du kan spise komfortabelt med 7 personer. Udover \u00e6ggeformen f\u00e5s Steely XL ogs\u00e5 som et rundt spisebord med runde plader p\u00e5 150 og 155 cm.","protected":false},"featured_media":10220,"template":"","meta":{"_acf_changed":false},"product_brand":[],"product_cat":[73],"product_tag":[],"class_list":{"0":"post-10234","1":"product","2":"type-product","3":"status-publish","4":"has-post-thumbnail","6":"product_cat-eettafels","8":"first","9":"instock","10":"taxable","11":"shipping-taxable","12":"product-type-simple"},"exclude_global_add_ons":[],"addons":[],"acf":[],"yoast_head":null,"yoast_head_json":null,"_links":{"self":[{"href":"https:\/\/www.breesnewworld.nl\/da\/wp-json\/wp\/v2\/product\/10234","targetHints":{"allow":["GET"]}}],"collection":[{"href":"https:\/\/www.breesnewworld.nl\/da\/wp-json\/wp\/v2\/product"}],"about":[{"href":"https:\/\/www.breesnewworld.nl\/da\/wp-json\/wp\/v2\/types\/product"}],"wp:featuredmedia":[{"embeddable":true,"href":"https:\/\/www.breesnewworld.nl\/da\/wp-json\/wp\/v2\/media\/10220"}],"wp:attachment":[{"href":"https:\/\/www.breesnewworld.nl\/da\/wp-json\/wp\/v2\/media?parent=10234"}],"wp:term":[{"taxonomy":"product_brand","embeddable":true,"href":"https:\/\/www.breesnewworld.nl\/da\/wp-json\/wp\/v2\/product_brand?post=10234"},{"taxonomy":"product_cat","embeddable":true,"href":"https:\/\/www.breesnewworld.nl\/da\/wp-json\/wp\/v2\/product_cat?post=10234"},{"taxonomy":"product_tag","embeddable":true,"href":"https:\/\/www.breesnewworld.nl\/da\/wp-json\/wp\/v2\/product_tag?post=10234"}],"curies":[{"name":"wp","href":"https:\/\/api.w.org\/{rel}","templated":true}]}}