{"id":10346,"date":"2022-07-23T14:36:16","date_gmt":"2022-07-23T12:36:16","guid":{"rendered":"https:\/\/www.breesnewworld.nl\/?post_type=product&#038;p=10346"},"modified":"2025-10-10T10:50:27","modified_gmt":"2025-10-10T08:50:27","slug":"stal-rundt-spisebord","status":"publish","type":"product","link":"https:\/\/www.breesnewworld.nl\/da\/collectie\/eettafels\/steely-ronde-eettafel\/","title":{"rendered":"Steely \u2013 rundt spisebord"},"content":{"rendered":"","protected":false},"excerpt":{"rendered":"Udover \u00e6ggeformen f\u00e5s Steely spisebordet ogs\u00e5 i en rund udgave. For dem, der \u00f8nsker at bruge pladsen i deres spiseplads effektivt, kan Steely varmt anbefales! For dem, der \u00f8nsker at bruge pladsen i deres spiseplads effektivt, kan Steely varmt anbefales!","protected":false},"featured_media":10351,"template":"","meta":{"_acf_changed":false},"product_brand":[],"product_cat":[73],"product_tag":[],"class_list":{"0":"post-10346","1":"product","2":"type-product","3":"status-publish","4":"has-post-thumbnail","6":"product_cat-eettafels","8":"first","9":"instock","10":"taxable","11":"shipping-taxable","12":"product-type-simple"},"exclude_global_add_ons":[],"addons":[],"acf":[],"yoast_head":null,"yoast_head_json":null,"_links":{"self":[{"href":"https:\/\/www.breesnewworld.nl\/da\/wp-json\/wp\/v2\/product\/10346","targetHints":{"allow":["GET"]}}],"collection":[{"href":"https:\/\/www.breesnewworld.nl\/da\/wp-json\/wp\/v2\/product"}],"about":[{"href":"https:\/\/www.breesnewworld.nl\/da\/wp-json\/wp\/v2\/types\/product"}],"wp:featuredmedia":[{"embeddable":true,"href":"https:\/\/www.breesnewworld.nl\/da\/wp-json\/wp\/v2\/media\/10351"}],"wp:attachment":[{"href":"https:\/\/www.breesnewworld.nl\/da\/wp-json\/wp\/v2\/media?parent=10346"}],"wp:term":[{"taxonomy":"product_brand","embeddable":true,"href":"https:\/\/www.breesnewworld.nl\/da\/wp-json\/wp\/v2\/product_brand?post=10346"},{"taxonomy":"product_cat","embeddable":true,"href":"https:\/\/www.breesnewworld.nl\/da\/wp-json\/wp\/v2\/product_cat?post=10346"},{"taxonomy":"product_tag","embeddable":true,"href":"https:\/\/www.breesnewworld.nl\/da\/wp-json\/wp\/v2\/product_tag?post=10346"}],"curies":[{"name":"wp","href":"https:\/\/api.w.org\/{rel}","templated":true}]}}