{"id":10488,"date":"2023-03-09T14:19:11","date_gmt":"2023-03-09T13:19:11","guid":{"rendered":"https:\/\/www.breesnewworld.nl\/?post_type=product&#038;p=10488"},"modified":"2025-10-10T12:00:53","modified_gmt":"2025-10-10T10:00:53","slug":"sofabord-choq-top-hoj","status":"publish","type":"product","link":"https:\/\/www.breesnewworld.nl\/da\/collectie\/salontafels-en-bijzettafels\/salontafel-choq-top\/","title":{"rendered":"Choq Top sofaborde"},"content":{"rendered":"","protected":false},"excerpt":{"rendered":"Med deres afrundede, firkantede plade er Choq Top sofabordene ogs\u00e5 s\u00e6rdeles velegnede som hj\u00f8rnebord ved siden af sofaen, som et s\u00e6t af to. Choq Top High er 46 cm h\u00f8j, mens Choq Top Low er 42 cm, hvilket betyder, at du subtilt kan skubbe disse s\u00f8de sofaborde hen over hinanden, ligesom Twinny&#039;s og Cloudy&#039;s, dog lidt mindre langt. Choq Top Low kan ogs\u00e5 nemt kombineres med det st\u00f8rre, rektangul\u00e6re Choq sofabord. ChoQ er den seneste samling af sofaborde fra Bree&#039;s New World. Symmetrien og afrundingerne i kombination med den tynde st\u00e5lplade giver et klart og roligt billede. Sofabordene i ChoQ-programmet er konstrueret af s\u00e6t metalpladedele og afsluttet med &#039;superellipse&#039; formede bordplader i massivt tr\u00e6, keramisten eller HPL. Basene f\u00e5s ogs\u00e5 i forskellige farver, hvilket g\u00f8r mange variationer mulige. Dette giver dig som forbruger mulighed for nemt at tilpasse ChoQ sofabordene til din egen smag og indretning.","protected":false},"featured_media":10670,"template":"","meta":{"_acf_changed":false},"product_brand":[],"product_cat":[77,105],"product_tag":[],"class_list":{"0":"post-10488","1":"product","2":"type-product","3":"status-publish","4":"has-post-thumbnail","6":"product_cat-salontafels-en-bijzettafels","7":"product_cat-tafel-bij-bank","9":"first","10":"instock","11":"taxable","12":"shipping-taxable","13":"product-type-simple"},"exclude_global_add_ons":[],"addons":[],"acf":[],"yoast_head":null,"yoast_head_json":null,"_links":{"self":[{"href":"https:\/\/www.breesnewworld.nl\/da\/wp-json\/wp\/v2\/product\/10488","targetHints":{"allow":["GET"]}}],"collection":[{"href":"https:\/\/www.breesnewworld.nl\/da\/wp-json\/wp\/v2\/product"}],"about":[{"href":"https:\/\/www.breesnewworld.nl\/da\/wp-json\/wp\/v2\/types\/product"}],"wp:featuredmedia":[{"embeddable":true,"href":"https:\/\/www.breesnewworld.nl\/da\/wp-json\/wp\/v2\/media\/10670"}],"wp:attachment":[{"href":"https:\/\/www.breesnewworld.nl\/da\/wp-json\/wp\/v2\/media?parent=10488"}],"wp:term":[{"taxonomy":"product_brand","embeddable":true,"href":"https:\/\/www.breesnewworld.nl\/da\/wp-json\/wp\/v2\/product_brand?post=10488"},{"taxonomy":"product_cat","embeddable":true,"href":"https:\/\/www.breesnewworld.nl\/da\/wp-json\/wp\/v2\/product_cat?post=10488"},{"taxonomy":"product_tag","embeddable":true,"href":"https:\/\/www.breesnewworld.nl\/da\/wp-json\/wp\/v2\/product_tag?post=10488"}],"curies":[{"name":"wp","href":"https:\/\/api.w.org\/{rel}","templated":true}]}}