{"id":10490,"date":"2023-03-09T14:23:17","date_gmt":"2023-03-09T13:23:17","guid":{"rendered":"https:\/\/www.breesnewworld.nl\/?post_type=product&#038;p=10490"},"modified":"2025-10-10T11:44:17","modified_gmt":"2025-10-10T09:44:17","slug":"sofabord-choq-top-lag","status":"publish","type":"product","link":"https:\/\/www.breesnewworld.nl\/da\/samling\/salontafels-en-bijzettafels\/sofabord-choq-top-lag\/","title":{"rendered":"Choq sofabord"},"content":{"rendered":"","protected":false},"excerpt":{"rendered":"Choq sofabordet er den st\u00f8rste akt\u00f8r i Choq sofa- og sidebordfamilien. Den aflange bordplade p\u00e5 120 cm gange 70 cm hviler p\u00e5 den meget stabile metalbase, der er udstyret med en praktisk hylde, hvor du kan opbevare magasiner, fjernbetjeningen eller andre genstande. ChoQ er den seneste kollektion af sofaborde fra Bree&#039;s New World. Symmetrien og afrundingen i kombination med den tynde st\u00e5lplade giver et klart og roligt udtryk. Sofabordene i ChoQ-programmet er konstrueret af faste metalpladedele og afsluttet med &#039;superellipse&#039;-formede bordplader i massivt tr\u00e6, ceramiston eller HPL. Baserne f\u00e5s ogs\u00e5 i forskellige farver, hvilket giver mulighed for mange variationer. Dette giver dig som forbruger mulighed for nemt at tilpasse ChoQ sofabordene til din egen smag og indretning.","protected":false},"featured_media":10654,"template":"","meta":{"_acf_changed":false},"product_brand":[],"product_cat":[77,105],"product_tag":[],"class_list":{"0":"post-10490","1":"product","2":"type-product","3":"status-publish","4":"has-post-thumbnail","6":"product_cat-salontafels-en-bijzettafels","7":"product_cat-tafel-bij-bank","9":"first","10":"instock","11":"taxable","12":"shipping-taxable","13":"product-type-simple"},"exclude_global_add_ons":[],"addons":[],"acf":[],"yoast_head":null,"yoast_head_json":null,"_links":{"self":[{"href":"https:\/\/www.breesnewworld.nl\/da\/wp-json\/wp\/v2\/product\/10490","targetHints":{"allow":["GET"]}}],"collection":[{"href":"https:\/\/www.breesnewworld.nl\/da\/wp-json\/wp\/v2\/product"}],"about":[{"href":"https:\/\/www.breesnewworld.nl\/da\/wp-json\/wp\/v2\/types\/product"}],"wp:featuredmedia":[{"embeddable":true,"href":"https:\/\/www.breesnewworld.nl\/da\/wp-json\/wp\/v2\/media\/10654"}],"wp:attachment":[{"href":"https:\/\/www.breesnewworld.nl\/da\/wp-json\/wp\/v2\/media?parent=10490"}],"wp:term":[{"taxonomy":"product_brand","embeddable":true,"href":"https:\/\/www.breesnewworld.nl\/da\/wp-json\/wp\/v2\/product_brand?post=10490"},{"taxonomy":"product_cat","embeddable":true,"href":"https:\/\/www.breesnewworld.nl\/da\/wp-json\/wp\/v2\/product_cat?post=10490"},{"taxonomy":"product_tag","embeddable":true,"href":"https:\/\/www.breesnewworld.nl\/da\/wp-json\/wp\/v2\/product_tag?post=10490"}],"curies":[{"name":"wp","href":"https:\/\/api.w.org\/{rel}","templated":true}]}}