{"id":10491,"date":"2023-03-09T14:23:41","date_gmt":"2023-03-09T13:23:41","guid":{"rendered":"https:\/\/www.breesnewworld.nl\/?post_type=product&#038;p=10491"},"modified":"2025-10-10T12:07:42","modified_gmt":"2025-10-10T10:07:42","slug":"sofabord-choq","status":"publish","type":"product","link":"https:\/\/www.breesnewworld.nl\/da\/samling\/salontafels-en-bijzettafels\/sofabord-choq\/","title":{"rendered":"Choq sofabord"},"content":{"rendered":"","protected":false},"excerpt":{"rendered":"Med det praktiske Choq sofabord beh\u00f8ver du ikke at forlade sofaen, n\u00e5r du ser en serie. Dette meget stabile, moderne sofabord giver din siddeplads et mere komplet udseende udover dets praktiske funktion. ChoQ er den nyeste kollektion af sofaborde fra Bree&#039;s New World. Symmetrien, kurverne i kombination med den tynde st\u00e5lplade giver et klart og roligt billede. Dette sofabord i ChoQ-programmet er konstrueret af faste metalpladedele og afsluttet med &#039;superellipse&#039;-formede bordplader i massivt tr\u00e6, ceramiston eller HPL. Understellet f\u00e5s ogs\u00e5 i forskellige farver, hvilket giver mulighed for mange variationer. Dette giver dig som forbruger mulighed for at v\u00e6lge den... <a href=\"https:\/\/www.breesnewworld.nl\/da\/samling\/salontafels-en-bijzettafels\/salontafel-choq-top-laag\/\">ChoQ sofaborde<\/a> nemt tilpasse til din egen smag og interi\u00f8r.","protected":false},"featured_media":10516,"template":"","meta":{"_acf_changed":false},"product_brand":[],"product_cat":[77,105],"product_tag":[],"class_list":{"0":"post-10491","1":"product","2":"type-product","3":"status-publish","4":"has-post-thumbnail","6":"product_cat-salontafels-en-bijzettafels","7":"product_cat-tafel-bij-bank","9":"first","10":"instock","11":"taxable","12":"shipping-taxable","13":"product-type-simple"},"exclude_global_add_ons":[],"addons":[],"acf":[],"yoast_head":null,"yoast_head_json":null,"_links":{"self":[{"href":"https:\/\/www.breesnewworld.nl\/da\/wp-json\/wp\/v2\/product\/10491","targetHints":{"allow":["GET"]}}],"collection":[{"href":"https:\/\/www.breesnewworld.nl\/da\/wp-json\/wp\/v2\/product"}],"about":[{"href":"https:\/\/www.breesnewworld.nl\/da\/wp-json\/wp\/v2\/types\/product"}],"wp:featuredmedia":[{"embeddable":true,"href":"https:\/\/www.breesnewworld.nl\/da\/wp-json\/wp\/v2\/media\/10516"}],"wp:attachment":[{"href":"https:\/\/www.breesnewworld.nl\/da\/wp-json\/wp\/v2\/media?parent=10491"}],"wp:term":[{"taxonomy":"product_brand","embeddable":true,"href":"https:\/\/www.breesnewworld.nl\/da\/wp-json\/wp\/v2\/product_brand?post=10491"},{"taxonomy":"product_cat","embeddable":true,"href":"https:\/\/www.breesnewworld.nl\/da\/wp-json\/wp\/v2\/product_cat?post=10491"},{"taxonomy":"product_tag","embeddable":true,"href":"https:\/\/www.breesnewworld.nl\/da\/wp-json\/wp\/v2\/product_tag?post=10491"}],"curies":[{"name":"wp","href":"https:\/\/api.w.org\/{rel}","templated":true}]}}