{"id":10564,"date":"2023-08-18T16:14:52","date_gmt":"2023-08-18T14:14:52","guid":{"rendered":"https:\/\/www.breesnewworld.nl\/?post_type=product&#038;p=10564"},"modified":"2025-10-10T10:19:10","modified_gmt":"2025-10-10T08:19:10","slug":"spisebord-libra-dansk-oval","status":"publish","type":"product","link":"https:\/\/www.breesnewworld.nl\/da\/samling\/eettafels\/spisebord-libra-dansk-oval\/","title":{"rendered":"Libra \u2013 Dansk Ovalt spisebord"},"content":{"rendered":"","protected":false},"excerpt":{"rendered":"Vores Libra bord har v\u00e6ret en fast bestanddel i vores kollektion i \u00e5revis. Bordets unikke karakter ligger hovedsageligt under toppen: Bordet hviler kun p\u00e5 et skr\u00e5nende ben. Og p\u00e5 trods af dette bevarer bordet sin stabilitet selv med store l\u00e6ngdem\u00e5l. P\u00e5 grund af udvidelsen af vores samling af borde er en ny version af V\u00e6gten blevet skabt. Det moderne bord f\u00e5s ogs\u00e5 med en forynget, dansk oval plade. Den danske ovale form er en popul\u00e6r &#039;mellemvej&#039; mellem et ovalt og et rektangul\u00e6rt blad.","protected":false},"featured_media":10568,"template":"","meta":{"_acf_changed":false},"product_brand":[],"product_cat":[73],"product_tag":[],"class_list":{"0":"post-10564","1":"product","2":"type-product","3":"status-publish","4":"has-post-thumbnail","6":"product_cat-eettafels","8":"first","9":"instock","10":"taxable","11":"shipping-taxable","12":"product-type-simple"},"exclude_global_add_ons":[],"addons":[],"acf":[],"yoast_head":null,"yoast_head_json":null,"_links":{"self":[{"href":"https:\/\/www.breesnewworld.nl\/da\/wp-json\/wp\/v2\/product\/10564","targetHints":{"allow":["GET"]}}],"collection":[{"href":"https:\/\/www.breesnewworld.nl\/da\/wp-json\/wp\/v2\/product"}],"about":[{"href":"https:\/\/www.breesnewworld.nl\/da\/wp-json\/wp\/v2\/types\/product"}],"wp:featuredmedia":[{"embeddable":true,"href":"https:\/\/www.breesnewworld.nl\/da\/wp-json\/wp\/v2\/media\/10568"}],"wp:attachment":[{"href":"https:\/\/www.breesnewworld.nl\/da\/wp-json\/wp\/v2\/media?parent=10564"}],"wp:term":[{"taxonomy":"product_brand","embeddable":true,"href":"https:\/\/www.breesnewworld.nl\/da\/wp-json\/wp\/v2\/product_brand?post=10564"},{"taxonomy":"product_cat","embeddable":true,"href":"https:\/\/www.breesnewworld.nl\/da\/wp-json\/wp\/v2\/product_cat?post=10564"},{"taxonomy":"product_tag","embeddable":true,"href":"https:\/\/www.breesnewworld.nl\/da\/wp-json\/wp\/v2\/product_tag?post=10564"}],"curies":[{"name":"wp","href":"https:\/\/api.w.org\/{rel}","templated":true}]}}