{"id":10569,"date":"2023-08-18T16:18:05","date_gmt":"2023-08-18T14:18:05","guid":{"rendered":"https:\/\/www.breesnewworld.nl\/?post_type=product&#038;p=10569"},"modified":"2025-11-05T11:44:31","modified_gmt":"2025-11-05T10:44:31","slug":"spisebord-oscar","status":"publish","type":"product","link":"https:\/\/www.breesnewworld.nl\/da\/collectie\/eettafels\/eettafel-oscar\/","title":{"rendered":"Oscar \u2013 spisebord (ovalt)"},"content":{"rendered":"","protected":false},"excerpt":{"rendered":"Oscar-bordet er, hvad man kalder &#039;en gammel kending&#039;. Denne model, designet af Jan Neggers, har tidligere vist sig succesfuld og har endda gjort det til et &#039;talkshow-bord&#039;. Originalversionen er som vist her: med en oval top. Med denne re-entry er der valgt et metalunderstell, i stedet for det tr\u00e6understell, som bordet tidligere har hvilet p\u00e5. Metallet kan ligesom vores \u00f8vrige stel indfarves i farverne anodisk brun, antracit, beige og sort. Til toppene er der ogs\u00e5 et bredt udvalg at v\u00e6lge imellem. For dem, der leder efter et bord, der v\u00e6kker opm\u00e6rksomhed, er du velkommen til at overveje Oscar-bordet.","protected":false},"featured_media":11082,"template":"","meta":{"_acf_changed":false},"product_brand":[],"product_cat":[73],"product_tag":[],"class_list":{"0":"post-10569","1":"product","2":"type-product","3":"status-publish","4":"has-post-thumbnail","6":"product_cat-eettafels","8":"first","9":"instock","10":"taxable","11":"shipping-taxable","12":"product-type-simple"},"exclude_global_add_ons":[],"addons":[],"acf":[],"yoast_head":null,"yoast_head_json":null,"_links":{"self":[{"href":"https:\/\/www.breesnewworld.nl\/da\/wp-json\/wp\/v2\/product\/10569","targetHints":{"allow":["GET"]}}],"collection":[{"href":"https:\/\/www.breesnewworld.nl\/da\/wp-json\/wp\/v2\/product"}],"about":[{"href":"https:\/\/www.breesnewworld.nl\/da\/wp-json\/wp\/v2\/types\/product"}],"wp:featuredmedia":[{"embeddable":true,"href":"https:\/\/www.breesnewworld.nl\/da\/wp-json\/wp\/v2\/media\/11082"}],"wp:attachment":[{"href":"https:\/\/www.breesnewworld.nl\/da\/wp-json\/wp\/v2\/media?parent=10569"}],"wp:term":[{"taxonomy":"product_brand","embeddable":true,"href":"https:\/\/www.breesnewworld.nl\/da\/wp-json\/wp\/v2\/product_brand?post=10569"},{"taxonomy":"product_cat","embeddable":true,"href":"https:\/\/www.breesnewworld.nl\/da\/wp-json\/wp\/v2\/product_cat?post=10569"},{"taxonomy":"product_tag","embeddable":true,"href":"https:\/\/www.breesnewworld.nl\/da\/wp-json\/wp\/v2\/product_tag?post=10569"}],"curies":[{"name":"wp","href":"https:\/\/api.w.org\/{rel}","templated":true}]}}