{"id":10577,"date":"2023-09-04T09:53:41","date_gmt":"2023-09-04T07:53:41","guid":{"rendered":"https:\/\/www.breesnewworld.nl\/?post_type=product&#038;p=10577"},"modified":"2025-11-22T15:04:49","modified_gmt":"2025-11-22T14:04:49","slug":"butterfly-23","status":"publish","type":"product","link":"https:\/\/www.breesnewworld.nl\/da\/collectie\/eetkamerstoelen\/eetkamerstoel-butterfly-23-poot\/","title":{"rendered":"Spisestuestol Butterfly 24 \u2013 Ben"},"content":{"rendered":"","protected":false},"excerpt":{"rendered":"Butterfly 24 er en luksuri\u00f8s, drejelig spisestuel\u00e6nestol med et komfortabelt, bredt s\u00e6de, der kan bruges b\u00e5de uden og <a href=\"https:\/\/www.breesnewworld.nl\/da\/samling\/eetkamerstoelen\/butterfly-arm-23\/\">med arml\u00e6n<\/a> kan udf\u00f8res. Butterfly 24 ser meget elegant ud ved et rundt eller ovalt spisebord takket v\u00e6re sine afrundede konturer. Udover versionen med drejefod f\u00e5s denne spisestuestol ogs\u00e5 med faste ben. Butterfly 24 er en tilf\u00f8jelse til standard Butterfly-spisestuestolen fra 2024 og adskiller sig kun i sin base.","protected":false},"featured_media":10534,"template":"","meta":{"_acf_changed":false},"product_brand":[],"product_cat":[64],"product_tag":[],"class_list":{"0":"post-10577","1":"product","2":"type-product","3":"status-publish","4":"has-post-thumbnail","6":"product_cat-eetkamerstoelen","8":"first","9":"instock","10":"taxable","11":"shipping-taxable","12":"product-type-simple"},"exclude_global_add_ons":[],"addons":[],"acf":[],"yoast_head":null,"yoast_head_json":null,"_links":{"self":[{"href":"https:\/\/www.breesnewworld.nl\/da\/wp-json\/wp\/v2\/product\/10577","targetHints":{"allow":["GET"]}}],"collection":[{"href":"https:\/\/www.breesnewworld.nl\/da\/wp-json\/wp\/v2\/product"}],"about":[{"href":"https:\/\/www.breesnewworld.nl\/da\/wp-json\/wp\/v2\/types\/product"}],"wp:featuredmedia":[{"embeddable":true,"href":"https:\/\/www.breesnewworld.nl\/da\/wp-json\/wp\/v2\/media\/10534"}],"wp:attachment":[{"href":"https:\/\/www.breesnewworld.nl\/da\/wp-json\/wp\/v2\/media?parent=10577"}],"wp:term":[{"taxonomy":"product_brand","embeddable":true,"href":"https:\/\/www.breesnewworld.nl\/da\/wp-json\/wp\/v2\/product_brand?post=10577"},{"taxonomy":"product_cat","embeddable":true,"href":"https:\/\/www.breesnewworld.nl\/da\/wp-json\/wp\/v2\/product_cat?post=10577"},{"taxonomy":"product_tag","embeddable":true,"href":"https:\/\/www.breesnewworld.nl\/da\/wp-json\/wp\/v2\/product_tag?post=10577"}],"curies":[{"name":"wp","href":"https:\/\/api.w.org\/{rel}","templated":true}]}}