{"id":10578,"date":"2023-09-04T10:26:27","date_gmt":"2023-09-04T08:26:27","guid":{"rendered":"https:\/\/www.breesnewworld.nl\/?post_type=product&#038;p=10578"},"modified":"2025-11-22T15:00:36","modified_gmt":"2025-11-22T14:00:36","slug":"butterfly-arm-23","status":"publish","type":"product","link":"https:\/\/www.breesnewworld.nl\/da\/samling\/eetkamerstoelen\/butterfly-arm-23\/","title":{"rendered":"Spisestuestol Butterfly arml\u00e6n 24 \u2013 ben"},"content":{"rendered":"","protected":false},"excerpt":{"rendered":"Butterfly 24 er en luksuri\u00f8s, drejelig spisestuel\u00e6nestol med et komfortabelt, bredt s\u00e6de, der kan bruges b\u00e5de <a href=\"https:\/\/www.breesnewworld.nl\/da\/samling\/eetkamerstoelen\/butterfly-23\/\">uden<\/a> F\u00e5s med arml\u00e6n. Butterfly 24 ser s\u00e6rligt elegant ud ved et rundt eller ovalt spisebord takket v\u00e6re sine afrundede konturer. Udover versionen med drejefod f\u00e5s denne spisestuestol ogs\u00e5 med faste ben. Butterfly 24 er en tilf\u00f8jelse til standard Butterfly-spisestuestolen fra 2024 og adskiller sig kun i sin base.","protected":false},"featured_media":11138,"template":"","meta":{"_acf_changed":false},"product_brand":[],"product_cat":[104,64],"product_tag":[],"class_list":{"0":"post-10578","1":"product","2":"type-product","3":"status-publish","4":"has-post-thumbnail","6":"product_cat-draaibare-eetkamerstoelen","7":"product_cat-eetkamerstoelen","9":"first","10":"instock","11":"taxable","12":"shipping-taxable","13":"product-type-simple"},"exclude_global_add_ons":[],"addons":[],"acf":[],"yoast_head":null,"yoast_head_json":null,"_links":{"self":[{"href":"https:\/\/www.breesnewworld.nl\/da\/wp-json\/wp\/v2\/product\/10578","targetHints":{"allow":["GET"]}}],"collection":[{"href":"https:\/\/www.breesnewworld.nl\/da\/wp-json\/wp\/v2\/product"}],"about":[{"href":"https:\/\/www.breesnewworld.nl\/da\/wp-json\/wp\/v2\/types\/product"}],"wp:featuredmedia":[{"embeddable":true,"href":"https:\/\/www.breesnewworld.nl\/da\/wp-json\/wp\/v2\/media\/11138"}],"wp:attachment":[{"href":"https:\/\/www.breesnewworld.nl\/da\/wp-json\/wp\/v2\/media?parent=10578"}],"wp:term":[{"taxonomy":"product_brand","embeddable":true,"href":"https:\/\/www.breesnewworld.nl\/da\/wp-json\/wp\/v2\/product_brand?post=10578"},{"taxonomy":"product_cat","embeddable":true,"href":"https:\/\/www.breesnewworld.nl\/da\/wp-json\/wp\/v2\/product_cat?post=10578"},{"taxonomy":"product_tag","embeddable":true,"href":"https:\/\/www.breesnewworld.nl\/da\/wp-json\/wp\/v2\/product_tag?post=10578"}],"curies":[{"name":"wp","href":"https:\/\/api.w.org\/{rel}","templated":true}]}}