{"id":10597,"date":"2023-09-07T08:52:27","date_gmt":"2023-09-07T06:52:27","guid":{"rendered":"https:\/\/www.breesnewworld.nl\/?post_type=product&#038;p=10597"},"modified":"2025-10-10T09:58:23","modified_gmt":"2025-10-10T07:58:23","slug":"skov-spisebord","status":"publish","type":"product","link":"https:\/\/www.breesnewworld.nl\/da\/samling\/eettafels\/skov-spisebord\/","title":{"rendered":"Skov spisebord"},"content":{"rendered":"","protected":false},"excerpt":{"rendered":"Navnet &quot;Forest&quot; fremmaner straks billeder af rolig, naturlig sk\u00f8nhed, og dette bord lever op til det l\u00f8fte. Dette spisebord kan udstyres med en keramisk bordplade, der hviler p\u00e5 robuste \u00e5g af massivt egetr\u00e6 (lakeret). Takket v\u00e6re den smarte forl\u00e6ngermekanisme kan du nemt skabe ekstra plads til g\u00e6ster og middage med venner og familie. Den ekstra l\u00e6ngde, du kan skabe med forl\u00e6ngeren, er 70 cm.","protected":false},"featured_media":10593,"template":"","meta":{"_acf_changed":false},"product_brand":[],"product_cat":[73],"product_tag":[],"class_list":{"0":"post-10597","1":"product","2":"type-product","3":"status-publish","4":"has-post-thumbnail","6":"product_cat-eettafels","8":"first","9":"instock","10":"taxable","11":"shipping-taxable","12":"product-type-simple"},"exclude_global_add_ons":[],"addons":[],"acf":[],"yoast_head":null,"yoast_head_json":null,"_links":{"self":[{"href":"https:\/\/www.breesnewworld.nl\/da\/wp-json\/wp\/v2\/product\/10597","targetHints":{"allow":["GET"]}}],"collection":[{"href":"https:\/\/www.breesnewworld.nl\/da\/wp-json\/wp\/v2\/product"}],"about":[{"href":"https:\/\/www.breesnewworld.nl\/da\/wp-json\/wp\/v2\/types\/product"}],"wp:featuredmedia":[{"embeddable":true,"href":"https:\/\/www.breesnewworld.nl\/da\/wp-json\/wp\/v2\/media\/10593"}],"wp:attachment":[{"href":"https:\/\/www.breesnewworld.nl\/da\/wp-json\/wp\/v2\/media?parent=10597"}],"wp:term":[{"taxonomy":"product_brand","embeddable":true,"href":"https:\/\/www.breesnewworld.nl\/da\/wp-json\/wp\/v2\/product_brand?post=10597"},{"taxonomy":"product_cat","embeddable":true,"href":"https:\/\/www.breesnewworld.nl\/da\/wp-json\/wp\/v2\/product_cat?post=10597"},{"taxonomy":"product_tag","embeddable":true,"href":"https:\/\/www.breesnewworld.nl\/da\/wp-json\/wp\/v2\/product_tag?post=10597"}],"curies":[{"name":"wp","href":"https:\/\/api.w.org\/{rel}","templated":true}]}}