{"id":10702,"date":"2023-12-09T20:56:35","date_gmt":"2023-12-09T19:56:35","guid":{"rendered":"https:\/\/www.breesnewworld.nl\/?post_type=product&#038;p=10702"},"modified":"2025-10-10T12:05:07","modified_gmt":"2025-10-10T10:05:07","slug":"choq-top23-sofaborde","status":"publish","type":"product","link":"https:\/\/www.breesnewworld.nl\/da\/collectie\/salontafels-en-bijzettafels\/choq-top23-salontafels\/","title":{"rendered":"Choq Top 23 \u2013 sofabord"},"content":{"rendered":"","protected":false},"excerpt":{"rendered":"Choq Top 23 er en variation af Choq Top sofabordet, der kan skydes l\u00e6ngere og fra flere positioner over det store, aflange Choq sofabord med sit cantileverstel. Derudover er det ogs\u00e5 bare et praktisk sidebord, der ser en lille smule anderledes ud end den store m\u00e6ngde. Toppen af Choq Top 23 synes at sv\u00e6ve n\u00e6sten helt, men er ikke desto mindre meget stabil og ogs\u00e5 smukt afrundet. ChoQ er den seneste kollektion af sofaborde fra Bree&#039;s New World. Symmetrien, afrundingen i kombination med den tynde st\u00e5lplade giver et klart og roligt billede. Sofabordene i ChoQ-programmet er konstrueret af faste metalpladedele og afsluttet med &#039;superellipse&#039;-formede toppe i massivt tr\u00e6, ceramiston eller HPL. Fodene f\u00e5s ogs\u00e5 i forskellige farver, hvilket giver mulighed for mange variationer. Dette giver dig som forbruger mulighed for nemt at tilpasse ChoQ sofabordene til din egen smag og indretning.","protected":false},"featured_media":10667,"template":"","meta":{"_acf_changed":false},"product_brand":[],"product_cat":[77,105],"product_tag":[],"class_list":{"0":"post-10702","1":"product","2":"type-product","3":"status-publish","4":"has-post-thumbnail","6":"product_cat-salontafels-en-bijzettafels","7":"product_cat-tafel-bij-bank","9":"first","10":"instock","11":"taxable","12":"shipping-taxable","13":"product-type-simple"},"exclude_global_add_ons":[],"addons":[],"acf":[],"yoast_head":null,"yoast_head_json":null,"_links":{"self":[{"href":"https:\/\/www.breesnewworld.nl\/da\/wp-json\/wp\/v2\/product\/10702","targetHints":{"allow":["GET"]}}],"collection":[{"href":"https:\/\/www.breesnewworld.nl\/da\/wp-json\/wp\/v2\/product"}],"about":[{"href":"https:\/\/www.breesnewworld.nl\/da\/wp-json\/wp\/v2\/types\/product"}],"wp:featuredmedia":[{"embeddable":true,"href":"https:\/\/www.breesnewworld.nl\/da\/wp-json\/wp\/v2\/media\/10667"}],"wp:attachment":[{"href":"https:\/\/www.breesnewworld.nl\/da\/wp-json\/wp\/v2\/media?parent=10702"}],"wp:term":[{"taxonomy":"product_brand","embeddable":true,"href":"https:\/\/www.breesnewworld.nl\/da\/wp-json\/wp\/v2\/product_brand?post=10702"},{"taxonomy":"product_cat","embeddable":true,"href":"https:\/\/www.breesnewworld.nl\/da\/wp-json\/wp\/v2\/product_cat?post=10702"},{"taxonomy":"product_tag","embeddable":true,"href":"https:\/\/www.breesnewworld.nl\/da\/wp-json\/wp\/v2\/product_tag?post=10702"}],"curies":[{"name":"wp","href":"https:\/\/api.w.org\/{rel}","templated":true}]}}