{"id":10853,"date":"2024-01-28T09:12:59","date_gmt":"2024-01-28T08:12:59","guid":{"rendered":"https:\/\/www.breesnewworld.nl\/?post_type=product&#038;p=10853"},"modified":"2025-10-03T11:29:42","modified_gmt":"2025-10-03T09:29:42","slug":"spisestuestol-drejelig-kiq-arm","status":"publish","type":"product","link":"https:\/\/www.breesnewworld.nl\/da\/samling\/eetkamerstoelen\/spisestuestol-drejelig-kiq-arm\/","title":{"rendered":"Spisestuestol Kiq Arm \u2013 l\u00e6der"},"content":{"rendered":"","protected":false},"excerpt":{"rendered":"Hemmeligheden bag Kiq (dreje-) spisestuestolen ligger indeni. En velproportioneret skal af lamineret b\u00f8getr\u00e6 giver enest\u00e5ende siddekomfort uden behov for tykke lag skum. Dette bevarer stolens slanke udseende. Den slanke, st\u00f8bte aluminiumsbase lader s\u00e6deskallen sv\u00e6ve, hvilket giver Kiq en luftig fornemmelse. Udover sit luftige og moderne udseende har denne drejelige spisestuestol ogs\u00e5 et dejligt &quot;hurtigt&quot; ry. Skallen p\u00e5 Kiq spisestuestolen kan betr\u00e6kkes med stof eller l\u00e6der, men er is\u00e6r popul\u00e6r i en stof-l\u00e6der-kombination. Basen kan v\u00e6re drejelig eller fast og f\u00e5s med eller uden hjul. Udover versionen med arml\u00e6n f\u00e5s Kiq spisestuestolen ogs\u00e5 uden arml\u00e6n. L\u00e6derversionen af Kiq Arm drejestolen f\u00e5s i mere end ti forskellige l\u00e6dertyper, hver med sin egen alsidige farvepalet. Fra robust, fuldnarvet l\u00e6der med et naturligt look til betrukket l\u00e6der i en r\u00e6kke klare farver, v\u00e6lg Kiq Arm drejestolen pr\u00e6cis som du \u00f8nsker den.","protected":false},"featured_media":10833,"template":"","meta":{"_acf_changed":false},"product_brand":[],"product_cat":[104,64],"product_tag":[],"class_list":{"0":"post-10853","1":"product","2":"type-product","3":"status-publish","4":"has-post-thumbnail","6":"product_cat-draaibare-eetkamerstoelen","7":"product_cat-eetkamerstoelen","9":"first","10":"instock","11":"taxable","12":"shipping-taxable","13":"product-type-simple"},"exclude_global_add_ons":[],"addons":[],"acf":[],"yoast_head":null,"yoast_head_json":null,"_links":{"self":[{"href":"https:\/\/www.breesnewworld.nl\/da\/wp-json\/wp\/v2\/product\/10853","targetHints":{"allow":["GET"]}}],"collection":[{"href":"https:\/\/www.breesnewworld.nl\/da\/wp-json\/wp\/v2\/product"}],"about":[{"href":"https:\/\/www.breesnewworld.nl\/da\/wp-json\/wp\/v2\/types\/product"}],"wp:featuredmedia":[{"embeddable":true,"href":"https:\/\/www.breesnewworld.nl\/da\/wp-json\/wp\/v2\/media\/10833"}],"wp:attachment":[{"href":"https:\/\/www.breesnewworld.nl\/da\/wp-json\/wp\/v2\/media?parent=10853"}],"wp:term":[{"taxonomy":"product_brand","embeddable":true,"href":"https:\/\/www.breesnewworld.nl\/da\/wp-json\/wp\/v2\/product_brand?post=10853"},{"taxonomy":"product_cat","embeddable":true,"href":"https:\/\/www.breesnewworld.nl\/da\/wp-json\/wp\/v2\/product_cat?post=10853"},{"taxonomy":"product_tag","embeddable":true,"href":"https:\/\/www.breesnewworld.nl\/da\/wp-json\/wp\/v2\/product_tag?post=10853"}],"curies":[{"name":"wp","href":"https:\/\/api.w.org\/{rel}","templated":true}]}}