{"id":10865,"date":"2024-01-28T13:36:14","date_gmt":"2024-01-28T12:36:14","guid":{"rendered":"https:\/\/www.breesnewworld.nl\/?post_type=product&#038;p=10865"},"modified":"2025-10-10T15:44:11","modified_gmt":"2025-10-10T13:44:11","slug":"twinny-top-sofaborde-fenixntm-bloom","status":"publish","type":"product","link":"https:\/\/www.breesnewworld.nl\/da\/samling\/salontafels-en-bijzettafels\/twinny-top-sofaborde-fenixntm-bloom\/","title":{"rendered":"Twinny Top sofaborde \u2013 FenixNTM\u00ae Bloom"},"content":{"rendered":"","protected":false},"excerpt":{"rendered":"Med vores organisk formede Twinny sofaborde og sideborde kan du for nylig v\u00e6lge seks smukke farver fra den nye, b\u00e6redygtige BLOOM linje fra Arpa Fenix. Arpa Industriales produkter er fremstillet af papir og phenolbaseret termoh\u00e6rdende harpiks. Med BLOOM er ligninteknologi blevet introduceret for at reducere (med 50%) den m\u00e6ngde phenol, der indg\u00e5r i harpiksen, markant. Twinny&#039;s in Bloom kan varmt anbefales til alle, der \u00f8nsker at tilf\u00f8je et farverigt sofabord til deres stue eller sovev\u00e6relse (og samtidig g\u00f8re noget godt for milj\u00f8et). Og for at g\u00f8re det endnu mere farverigt, f\u00e5s understellet i de samme seks Fenix Bloom-farver som bordpladerne. S\u00e5 tag disse blomster ind i dit hjem med Twinny-bordene i Fenix Bloom! De seks Fenix Bloom-farver, som Bree&#039;s New World har inkluderet i sin kollektion, er: Rosso Namib (orange), Verde Kitami (gr\u00f8n), Rosso Askja (pink), Giallo Evora (gul), Viola Orissa (lilla) og Blu Shaba (bl\u00e5).","protected":false},"featured_media":10857,"template":"","meta":{"_acf_changed":false},"product_brand":[],"product_cat":[77,105],"product_tag":[],"class_list":{"0":"post-10865","1":"product","2":"type-product","3":"status-publish","4":"has-post-thumbnail","6":"product_cat-salontafels-en-bijzettafels","7":"product_cat-tafel-bij-bank","9":"first","10":"instock","11":"taxable","12":"shipping-taxable","13":"product-type-simple"},"exclude_global_add_ons":[],"addons":[],"acf":[],"yoast_head":null,"yoast_head_json":null,"_links":{"self":[{"href":"https:\/\/www.breesnewworld.nl\/da\/wp-json\/wp\/v2\/product\/10865","targetHints":{"allow":["GET"]}}],"collection":[{"href":"https:\/\/www.breesnewworld.nl\/da\/wp-json\/wp\/v2\/product"}],"about":[{"href":"https:\/\/www.breesnewworld.nl\/da\/wp-json\/wp\/v2\/types\/product"}],"wp:featuredmedia":[{"embeddable":true,"href":"https:\/\/www.breesnewworld.nl\/da\/wp-json\/wp\/v2\/media\/10857"}],"wp:attachment":[{"href":"https:\/\/www.breesnewworld.nl\/da\/wp-json\/wp\/v2\/media?parent=10865"}],"wp:term":[{"taxonomy":"product_brand","embeddable":true,"href":"https:\/\/www.breesnewworld.nl\/da\/wp-json\/wp\/v2\/product_brand?post=10865"},{"taxonomy":"product_cat","embeddable":true,"href":"https:\/\/www.breesnewworld.nl\/da\/wp-json\/wp\/v2\/product_cat?post=10865"},{"taxonomy":"product_tag","embeddable":true,"href":"https:\/\/www.breesnewworld.nl\/da\/wp-json\/wp\/v2\/product_tag?post=10865"}],"curies":[{"name":"wp","href":"https:\/\/api.w.org\/{rel}","templated":true}]}}