{"id":10902,"date":"2024-03-10T09:15:13","date_gmt":"2024-03-10T08:15:13","guid":{"rendered":"https:\/\/www.breesnewworld.nl\/?post_type=product&#038;p=10902"},"modified":"2025-10-17T14:22:31","modified_gmt":"2025-10-17T12:22:31","slug":"spisestuestol-kiq-arm-24","status":"publish","type":"product","link":"https:\/\/www.breesnewworld.nl\/da\/samling\/eetkamerstoelen\/spisestuestol-kiq-arm-24\/","title":{"rendered":"Spisestuestol Kiq Arm 24"},"content":{"rendered":"","protected":false},"excerpt":{"rendered":"P\u00e5 IMM Cologne 2024 introducerede vi den drejelige spisestuestol Kiq Arm med en anden base, deraf navnet Kiq Arm 24. T\u00e6erne p\u00e5 denne drejelige base samles p\u00e5 et h\u00f8jere punkt, hvilket g\u00f8r denne Kiq 24 l\u00e6nestol en lille smule mere dynamisk , if\u00f8lge eksperter og udseende. Ligesom standardbunden af Kiq Arm, kan Kiq Arm 24 basen ogs\u00e5 bel\u00e6gges i antracit, anodisk brun, beige, hvid og sort. Du bestemmer selv, hvilket underlag der er bedst til Kiq svingspandestolen. Siddekomforten og drejefunktionen i denne komfortable spisestuestol forbliver identisk.","protected":false},"featured_media":11133,"template":"","meta":{"_acf_changed":false},"product_brand":[],"product_cat":[104,64],"product_tag":[],"class_list":{"0":"post-10902","1":"product","2":"type-product","3":"status-publish","4":"has-post-thumbnail","6":"product_cat-draaibare-eetkamerstoelen","7":"product_cat-eetkamerstoelen","9":"first","10":"instock","11":"taxable","12":"shipping-taxable","13":"product-type-simple"},"exclude_global_add_ons":[],"addons":[],"acf":[],"yoast_head":null,"yoast_head_json":null,"_links":{"self":[{"href":"https:\/\/www.breesnewworld.nl\/da\/wp-json\/wp\/v2\/product\/10902","targetHints":{"allow":["GET"]}}],"collection":[{"href":"https:\/\/www.breesnewworld.nl\/da\/wp-json\/wp\/v2\/product"}],"about":[{"href":"https:\/\/www.breesnewworld.nl\/da\/wp-json\/wp\/v2\/types\/product"}],"wp:featuredmedia":[{"embeddable":true,"href":"https:\/\/www.breesnewworld.nl\/da\/wp-json\/wp\/v2\/media\/11133"}],"wp:attachment":[{"href":"https:\/\/www.breesnewworld.nl\/da\/wp-json\/wp\/v2\/media?parent=10902"}],"wp:term":[{"taxonomy":"product_brand","embeddable":true,"href":"https:\/\/www.breesnewworld.nl\/da\/wp-json\/wp\/v2\/product_brand?post=10902"},{"taxonomy":"product_cat","embeddable":true,"href":"https:\/\/www.breesnewworld.nl\/da\/wp-json\/wp\/v2\/product_cat?post=10902"},{"taxonomy":"product_tag","embeddable":true,"href":"https:\/\/www.breesnewworld.nl\/da\/wp-json\/wp\/v2\/product_tag?post=10902"}],"curies":[{"name":"wp","href":"https:\/\/api.w.org\/{rel}","templated":true}]}}