{"id":10903,"date":"2024-03-10T12:19:22","date_gmt":"2024-03-10T11:19:22","guid":{"rendered":"https:\/\/www.breesnewworld.nl\/?post_type=product&#038;p=10903"},"modified":"2025-10-03T11:31:09","modified_gmt":"2025-10-03T09:31:09","slug":"spisestuestol-linq","status":"publish","type":"product","link":"https:\/\/www.breesnewworld.nl\/da\/samling\/eetkamerstoelen\/spisestuestol-linq\/","title":{"rendered":"Spisestuestol Linq"},"content":{"rendered":"","protected":false},"excerpt":{"rendered":"P\u00e5 IMM Cologne 2024 introducerede vi vores nye Linq drejelige spisestuestol, som p\u00e5 grund af dets gener\u00f8se s\u00e6de ogs\u00e5 kan omtales som en spisestuel\u00e6nestol. Det roterende s\u00e6de er konstrueret af et separat s\u00e6de og ryg, der er forbundet med hinanden (deraf &#039;Linq&#039;). Is\u00e6r med kombinationsbetr\u00e6k af stof og l\u00e6der kan dette skabe en smart kontrast og giver ogs\u00e5 kunderne mulighed for at give frit spil til deres fantasi. De fem forskellige farver, som basen f\u00e5s i, nemlig antracit, anodisk brun, beige, hvid og sort, g\u00f8r valget endnu mere personligt. P\u00e5 vegne af Bree&#039;s New World siger vi: &#039;Overrask os med en vovet &#039;Linq-kombination&#039; og hvem ved, m\u00e5ske placerer vi den i vores eget showroom.&#039;","protected":false},"featured_media":10887,"template":"","meta":{"_acf_changed":false},"product_brand":[],"product_cat":[104,64],"product_tag":[],"class_list":{"0":"post-10903","1":"product","2":"type-product","3":"status-publish","4":"has-post-thumbnail","6":"product_cat-draaibare-eetkamerstoelen","7":"product_cat-eetkamerstoelen","9":"first","10":"instock","11":"taxable","12":"shipping-taxable","13":"product-type-simple"},"exclude_global_add_ons":[],"addons":[],"acf":[],"yoast_head":null,"yoast_head_json":null,"_links":{"self":[{"href":"https:\/\/www.breesnewworld.nl\/da\/wp-json\/wp\/v2\/product\/10903","targetHints":{"allow":["GET"]}}],"collection":[{"href":"https:\/\/www.breesnewworld.nl\/da\/wp-json\/wp\/v2\/product"}],"about":[{"href":"https:\/\/www.breesnewworld.nl\/da\/wp-json\/wp\/v2\/types\/product"}],"wp:featuredmedia":[{"embeddable":true,"href":"https:\/\/www.breesnewworld.nl\/da\/wp-json\/wp\/v2\/media\/10887"}],"wp:attachment":[{"href":"https:\/\/www.breesnewworld.nl\/da\/wp-json\/wp\/v2\/media?parent=10903"}],"wp:term":[{"taxonomy":"product_brand","embeddable":true,"href":"https:\/\/www.breesnewworld.nl\/da\/wp-json\/wp\/v2\/product_brand?post=10903"},{"taxonomy":"product_cat","embeddable":true,"href":"https:\/\/www.breesnewworld.nl\/da\/wp-json\/wp\/v2\/product_cat?post=10903"},{"taxonomy":"product_tag","embeddable":true,"href":"https:\/\/www.breesnewworld.nl\/da\/wp-json\/wp\/v2\/product_tag?post=10903"}],"curies":[{"name":"wp","href":"https:\/\/api.w.org\/{rel}","templated":true}]}}