{"id":10904,"date":"2024-03-10T13:10:09","date_gmt":"2024-03-10T12:10:09","guid":{"rendered":"https:\/\/www.breesnewworld.nl\/?post_type=product&#038;p=10904"},"modified":"2025-10-03T13:54:10","modified_gmt":"2025-10-03T11:54:10","slug":"laenestol-layla","status":"publish","type":"product","link":"https:\/\/www.breesnewworld.nl\/da\/collectie\/fauteuils\/fauteuil-layla\/","title":{"rendered":"L\u00e6nestol Layla"},"content":{"rendered":"","protected":false},"excerpt":{"rendered":"Layla, en luksuri\u00f8s drejelig l\u00e6nestol med h\u00f8jt rygl\u00e6n, der kr\u00e6ver at vippes bagud, s\u00e5 vi tilf\u00f8jede den funktion for at g\u00f8re den til en afslappende stol, hvor du kan slappe af et stykke tid. Skallens slanke, organiske design og den subtile 4-t\u00e5 drejelige base g\u00f8r Layla til en opm\u00e6rksomhedsfanger i den moderne stue, selvom de mange stof- og l\u00e6dermuligheder g\u00f8r, at Layla ogs\u00e5 er ideel til mange andre interi\u00f8rtyper. Kan du lide at tage en lur i din hvilestol? Dette er ogs\u00e5 muligt i Layla takket v\u00e6re den matchende fodskammel.","protected":false},"featured_media":11164,"template":"","meta":{"_acf_changed":false},"product_brand":[],"product_cat":[71],"product_tag":[],"class_list":{"0":"post-10904","1":"product","2":"type-product","3":"status-publish","4":"has-post-thumbnail","6":"product_cat-fauteuils","8":"first","9":"instock","10":"taxable","11":"shipping-taxable","12":"product-type-simple"},"exclude_global_add_ons":[],"addons":[],"acf":[],"yoast_head":null,"yoast_head_json":null,"_links":{"self":[{"href":"https:\/\/www.breesnewworld.nl\/da\/wp-json\/wp\/v2\/product\/10904","targetHints":{"allow":["GET"]}}],"collection":[{"href":"https:\/\/www.breesnewworld.nl\/da\/wp-json\/wp\/v2\/product"}],"about":[{"href":"https:\/\/www.breesnewworld.nl\/da\/wp-json\/wp\/v2\/types\/product"}],"wp:featuredmedia":[{"embeddable":true,"href":"https:\/\/www.breesnewworld.nl\/da\/wp-json\/wp\/v2\/media\/11164"}],"wp:attachment":[{"href":"https:\/\/www.breesnewworld.nl\/da\/wp-json\/wp\/v2\/media?parent=10904"}],"wp:term":[{"taxonomy":"product_brand","embeddable":true,"href":"https:\/\/www.breesnewworld.nl\/da\/wp-json\/wp\/v2\/product_brand?post=10904"},{"taxonomy":"product_cat","embeddable":true,"href":"https:\/\/www.breesnewworld.nl\/da\/wp-json\/wp\/v2\/product_cat?post=10904"},{"taxonomy":"product_tag","embeddable":true,"href":"https:\/\/www.breesnewworld.nl\/da\/wp-json\/wp\/v2\/product_tag?post=10904"}],"curies":[{"name":"wp","href":"https:\/\/api.w.org\/{rel}","templated":true}]}}