{"id":10973,"date":"2024-06-09T11:42:32","date_gmt":"2024-06-09T09:42:32","guid":{"rendered":"https:\/\/www.breesnewworld.nl\/?post_type=product&#038;p=10973"},"modified":"2025-10-10T11:14:54","modified_gmt":"2025-10-10T09:14:54","slug":"storq-eettafel-superellips-ovaal","status":"publish","type":"product","link":"https:\/\/www.breesnewworld.nl\/da\/collectie\/eettafels\/storq-eettafel-superellips-ovaal\/","title":{"rendered":"Storq \u2013 spisebord super ellipse"},"content":{"rendered":"","protected":false},"excerpt":{"rendered":"Udgangspunktet for det nyeste Storq spisebord fra Bree&#039;s New World var at lede efter en kombination af kreativt design og funktionalitet. Et centralt ben p\u00e5 et spisebord er naturligvis ikke noget nyt, men den karakteristiske koniske s\u00f8jle af buet tr\u00e6finer giver Storq&#039;en, udover et roligt udseende, det lille ekstra i forhold til m\u00e6ngden. Bladets form (superellipse) er ogs\u00e5 lidt anderledes end den ovale standardform. Metalbundpladen er formet og dermed ensartet med toppen. Eg- eller valn\u00f8ddes\u00f8jlen f\u00e5s i forskellige bejdsefarver og er desuden lakeret. Metaldelene p\u00e5 basen kan pulverlakeres i forskellige farver, og frem for alt er hele basen ikke for tung og alligevel meget stabil. De tilg\u00e6ngelige st\u00f8rrelser til bordpladen sp\u00e6nder fra 180 til 260 cm. De anvendelige materialer til bordpladen er keramik, HPL, Fenix og massivt tr\u00e6.","protected":false},"featured_media":10978,"template":"","meta":{"_acf_changed":false},"product_brand":[],"product_cat":[73],"product_tag":[],"class_list":{"0":"post-10973","1":"product","2":"type-product","3":"status-publish","4":"has-post-thumbnail","6":"product_cat-eettafels","8":"first","9":"instock","10":"taxable","11":"shipping-taxable","12":"product-type-simple"},"exclude_global_add_ons":[],"addons":[],"acf":[],"yoast_head":null,"yoast_head_json":null,"_links":{"self":[{"href":"https:\/\/www.breesnewworld.nl\/da\/wp-json\/wp\/v2\/product\/10973","targetHints":{"allow":["GET"]}}],"collection":[{"href":"https:\/\/www.breesnewworld.nl\/da\/wp-json\/wp\/v2\/product"}],"about":[{"href":"https:\/\/www.breesnewworld.nl\/da\/wp-json\/wp\/v2\/types\/product"}],"wp:featuredmedia":[{"embeddable":true,"href":"https:\/\/www.breesnewworld.nl\/da\/wp-json\/wp\/v2\/media\/10978"}],"wp:attachment":[{"href":"https:\/\/www.breesnewworld.nl\/da\/wp-json\/wp\/v2\/media?parent=10973"}],"wp:term":[{"taxonomy":"product_brand","embeddable":true,"href":"https:\/\/www.breesnewworld.nl\/da\/wp-json\/wp\/v2\/product_brand?post=10973"},{"taxonomy":"product_cat","embeddable":true,"href":"https:\/\/www.breesnewworld.nl\/da\/wp-json\/wp\/v2\/product_cat?post=10973"},{"taxonomy":"product_tag","embeddable":true,"href":"https:\/\/www.breesnewworld.nl\/da\/wp-json\/wp\/v2\/product_tag?post=10973"}],"curies":[{"name":"wp","href":"https:\/\/api.w.org\/{rel}","templated":true}]}}