{"id":11007,"date":"2024-07-08T15:45:44","date_gmt":"2024-07-08T13:45:44","guid":{"rendered":"https:\/\/www.breesnewworld.nl\/?post_type=product&#038;p=11007"},"modified":"2025-10-10T11:17:55","modified_gmt":"2025-10-10T09:17:55","slug":"storq-eettafel-vierkant","status":"publish","type":"product","link":"https:\/\/www.breesnewworld.nl\/da\/samling\/eettafels\/storq-eettafel-vierkant\/","title":{"rendered":"Storq Square \u2013 firkantet spisebord"},"content":{"rendered":"","protected":false},"excerpt":{"rendered":"Storq Vierkant er faktisk, enkelt sagt, et firkantet spisebord med afrundede hj\u00f8rner. Denne enkelhed kan ogs\u00e5 tilskrives konstruktionen. En metalbundplade og bundplade er forbundet via to gevindender, der l\u00f8ber gennem det centrale tr\u00e6ben, hvorved dette koniske tr\u00e6ben fungerer som st\u00f8tte for toppen. Denne s\u00f8jle af buet tr\u00e6finer er kvadratisk i form, ligesom bordpladen, hvilket skaber en st\u00e6rk synergi mellem de to. Designet er til geng\u00e6ld ret unikt. Kombinationen af en pulverlakeret bundplade i kombination med en konisk s\u00f8jle af buet tr\u00e6finer, der f\u00e5s i forskellige lakfarver, er ikke noget man finder hver dag. L\u00e6g hertil materialemulighederne til pladen (HPL, Fenix, massivt tr\u00e6 eller keramik), og du skaber dit eget unikke designbord med Storq Vierkant. Ser man p\u00e5 funktionaliteten af Storq Vierkant, kan man sige, at det er et meget velegnet spisebord til sm\u00e5 rum. Det ser bestemt ikke malplaceret ud i eller i n\u00e6rheden af et lille k\u00f8kken, hvis du godt kan lide at holde dit opholdsomr\u00e5de lidt mere adskilt fra det sted, hvor du spiser. P\u00e5 grund af sin form og st\u00f8rrelse (128 x 128 cm) kan dette bord ogs\u00e5 fungere perfekt som kortbord, is\u00e6r n\u00e5r man spiller kortspil for 4 personer, s\u00e5som Klaverjacks eller Hearts. Vi foresl\u00e5r en bordplade i Fenix, som er nem at reng\u00f8re og har en god glidende overflade. Dette holder momentum i gang under dine kortaftener.","protected":false},"featured_media":11153,"template":"","meta":{"_acf_changed":false},"product_brand":[],"product_cat":[73],"product_tag":[],"class_list":{"0":"post-11007","1":"product","2":"type-product","3":"status-publish","4":"has-post-thumbnail","6":"product_cat-eettafels","8":"first","9":"instock","10":"taxable","11":"shipping-taxable","12":"product-type-simple"},"exclude_global_add_ons":[],"addons":[],"acf":[],"yoast_head":null,"yoast_head_json":null,"_links":{"self":[{"href":"https:\/\/www.breesnewworld.nl\/da\/wp-json\/wp\/v2\/product\/11007","targetHints":{"allow":["GET"]}}],"collection":[{"href":"https:\/\/www.breesnewworld.nl\/da\/wp-json\/wp\/v2\/product"}],"about":[{"href":"https:\/\/www.breesnewworld.nl\/da\/wp-json\/wp\/v2\/types\/product"}],"wp:featuredmedia":[{"embeddable":true,"href":"https:\/\/www.breesnewworld.nl\/da\/wp-json\/wp\/v2\/media\/11153"}],"wp:attachment":[{"href":"https:\/\/www.breesnewworld.nl\/da\/wp-json\/wp\/v2\/media?parent=11007"}],"wp:term":[{"taxonomy":"product_brand","embeddable":true,"href":"https:\/\/www.breesnewworld.nl\/da\/wp-json\/wp\/v2\/product_brand?post=11007"},{"taxonomy":"product_cat","embeddable":true,"href":"https:\/\/www.breesnewworld.nl\/da\/wp-json\/wp\/v2\/product_cat?post=11007"},{"taxonomy":"product_tag","embeddable":true,"href":"https:\/\/www.breesnewworld.nl\/da\/wp-json\/wp\/v2\/product_tag?post=11007"}],"curies":[{"name":"wp","href":"https:\/\/api.w.org\/{rel}","templated":true}]}}