{"id":11149,"date":"2024-09-20T22:32:32","date_gmt":"2024-09-20T20:32:32","guid":{"rendered":"https:\/\/www.breesnewworld.nl\/?post_type=product&#038;p=11149"},"modified":"2025-10-10T16:06:06","modified_gmt":"2025-10-10T14:06:06","slug":"twinny-xl-salontafel-fenix-bloom","status":"publish","type":"product","link":"https:\/\/www.breesnewworld.nl\/da\/samling\/salontafels-en-bijzettafels\/twinny-xl-salontafel-fenix-bloom\/","title":{"rendered":"Twinny XL sofabord \u2013 FenixNTM\u00ae Bloom"},"content":{"rendered":"","protected":false},"excerpt":{"rendered":"Som navnet antyder, er Twinny XL det st\u00f8rste sofabord i &#039;Twinny-familien&#039;. Som en ekstra mulighed kan et magasinstativ i sort metal h\u00e6nges under den aflange, asymmetriske top af Twinny XL. Er du ikke s\u00e5 glad for at l\u00e6se materiale? Du kan ogs\u00e5 bruge den til at skjule fjernbetjeningen. \u2060 Som et s\u00e6t er Twinny XL meget rart at kombinere med <a href=\"https:\/\/www.breesnewworld.nl\/da\/samling\/salontafels-en-bijzettafels\/twinny-top-sofaborde-fenixntm-bloom\/\">Twinny Top<\/a>, et lidt h\u00f8jere, lille sofabord. Designer: Peter Schreuder Goedheijt.","protected":false},"featured_media":11117,"template":"","meta":{"_acf_changed":false},"product_brand":[],"product_cat":[77,105],"product_tag":[],"class_list":{"0":"post-11149","1":"product","2":"type-product","3":"status-publish","4":"has-post-thumbnail","6":"product_cat-salontafels-en-bijzettafels","7":"product_cat-tafel-bij-bank","9":"first","10":"instock","11":"taxable","12":"shipping-taxable","13":"product-type-simple"},"exclude_global_add_ons":[],"addons":[],"acf":[],"yoast_head":null,"yoast_head_json":null,"_links":{"self":[{"href":"https:\/\/www.breesnewworld.nl\/da\/wp-json\/wp\/v2\/product\/11149","targetHints":{"allow":["GET"]}}],"collection":[{"href":"https:\/\/www.breesnewworld.nl\/da\/wp-json\/wp\/v2\/product"}],"about":[{"href":"https:\/\/www.breesnewworld.nl\/da\/wp-json\/wp\/v2\/types\/product"}],"wp:featuredmedia":[{"embeddable":true,"href":"https:\/\/www.breesnewworld.nl\/da\/wp-json\/wp\/v2\/media\/11117"}],"wp:attachment":[{"href":"https:\/\/www.breesnewworld.nl\/da\/wp-json\/wp\/v2\/media?parent=11149"}],"wp:term":[{"taxonomy":"product_brand","embeddable":true,"href":"https:\/\/www.breesnewworld.nl\/da\/wp-json\/wp\/v2\/product_brand?post=11149"},{"taxonomy":"product_cat","embeddable":true,"href":"https:\/\/www.breesnewworld.nl\/da\/wp-json\/wp\/v2\/product_cat?post=11149"},{"taxonomy":"product_tag","embeddable":true,"href":"https:\/\/www.breesnewworld.nl\/da\/wp-json\/wp\/v2\/product_tag?post=11149"}],"curies":[{"name":"wp","href":"https:\/\/api.w.org\/{rel}","templated":true}]}}