{"id":11170,"date":"2024-09-20T23:40:58","date_gmt":"2024-09-20T21:40:58","guid":{"rendered":"https:\/\/www.breesnewworld.nl\/?post_type=product&#038;p=11170"},"modified":"2025-10-03T11:27:50","modified_gmt":"2025-10-03T09:27:50","slug":"eetkamerstoel-kiq-24","status":"publish","type":"product","link":"https:\/\/www.breesnewworld.nl\/da\/collectie\/eetkamerstoelen\/eetkamerstoel-kiq-24\/","title":{"rendered":"Spisestuestol Kiq 24"},"content":{"rendered":"","protected":false},"excerpt":{"rendered":"Hemmeligheden bag Kiq 24 drejestolen ligger p\u00e5 indersiden. En velproportioneret skal af lamineret b\u00f8getr\u00e6 giver enest\u00e5ende siddekomfort uden behov for tykke skumlag. Dette bevarer stolens slanke udseende. Den slanke st\u00f8bte aluminiumsbase lader s\u00e6deskallen sv\u00e6ve, hvilket giver Kiq en luftig fornemmelse. Udover sit luftige og moderne udseende har denne drejestol naturligvis ogs\u00e5 et behageligt &quot;hurtigt&quot; ry. Skallen p\u00e5 Kiq-spisestolen kan betr\u00e6kkes med stof eller l\u00e6der, men er is\u00e6r popul\u00e6r i en stof-l\u00e6der-kombination. Basen f\u00e5s som en drejelig eller fast version, og med eller uden hjul. Udover en version uden arml\u00e6n f\u00e5s Kiq-spisestolen ogs\u00e5. <a href=\"https:\/\/www.breesnewworld.nl\/da\/samling\/eetkamer-stoelen\/kiq-arm\/\">med arml\u00e6n<\/a>.","protected":false},"featured_media":11125,"template":"","meta":{"_acf_changed":false},"product_brand":[],"product_cat":[104,64],"product_tag":[],"class_list":{"0":"post-11170","1":"product","2":"type-product","3":"status-publish","4":"has-post-thumbnail","6":"product_cat-draaibare-eetkamerstoelen","7":"product_cat-eetkamerstoelen","9":"first","10":"instock","11":"taxable","12":"shipping-taxable","13":"product-type-simple"},"exclude_global_add_ons":[],"addons":[],"acf":[],"yoast_head":null,"yoast_head_json":null,"_links":{"self":[{"href":"https:\/\/www.breesnewworld.nl\/da\/wp-json\/wp\/v2\/product\/11170","targetHints":{"allow":["GET"]}}],"collection":[{"href":"https:\/\/www.breesnewworld.nl\/da\/wp-json\/wp\/v2\/product"}],"about":[{"href":"https:\/\/www.breesnewworld.nl\/da\/wp-json\/wp\/v2\/types\/product"}],"wp:featuredmedia":[{"embeddable":true,"href":"https:\/\/www.breesnewworld.nl\/da\/wp-json\/wp\/v2\/media\/11125"}],"wp:attachment":[{"href":"https:\/\/www.breesnewworld.nl\/da\/wp-json\/wp\/v2\/media?parent=11170"}],"wp:term":[{"taxonomy":"product_brand","embeddable":true,"href":"https:\/\/www.breesnewworld.nl\/da\/wp-json\/wp\/v2\/product_brand?post=11170"},{"taxonomy":"product_cat","embeddable":true,"href":"https:\/\/www.breesnewworld.nl\/da\/wp-json\/wp\/v2\/product_cat?post=11170"},{"taxonomy":"product_tag","embeddable":true,"href":"https:\/\/www.breesnewworld.nl\/da\/wp-json\/wp\/v2\/product_tag?post=11170"}],"curies":[{"name":"wp","href":"https:\/\/api.w.org\/{rel}","templated":true}]}}