{"id":11416,"date":"2025-03-29T17:13:38","date_gmt":"2025-03-29T16:13:38","guid":{"rendered":"https:\/\/www.breesnewworld.nl\/?post_type=product&#038;p=11416"},"modified":"2026-04-05T16:34:47","modified_gmt":"2026-04-05T14:34:47","slug":"trapea-salontafels","status":"publish","type":"product","link":"https:\/\/www.breesnewworld.nl\/da\/samling\/salontafels-en-bijzettafels\/trapea-salontafels\/","title":{"rendered":"Trapea sofaborde"},"content":{"rendered":"","protected":false},"excerpt":{"rendered":"Trapea: Den nye familie af sofaborde og sideborde fra Bree&#039;s New World, som ligesom Twinny, Cloudy og Choq kan kombineres p\u00e5 mange m\u00e5der takket v\u00e6re forskellige bordst\u00f8rrelser og -former, materialemuligheder og h\u00f8jdeforskelle i stel. Trapea Large og Trapea Small kan kombineres med b\u00e5de den lille og et s\u00e6t. <a href=\"https:\/\/www.breesnewworld.nl\/da\/samling\/salontafels-en-bijzettafels\/trapea-top-salontafels\/\">Trapea Top<\/a> sofaborde. De asymmetriske, trapezformede bordplader giver denne sofabord- og sidebordsfamilie et dynamisk og energisk udseende. De ensartede metalf\u00f8dder holder bordet og \u00e6stetikken i balance. Med forskellige metalfarver, der er mulige til stellet, og de snesevis af HPL-, Fenix-, keramik- og massive tr\u00e6farver, der kan anvendes p\u00e5 bordpladerne, kan du nemt tilpasse Trapea-bordene til din foretrukne indretningsstil.\r\n\r\n&nbsp;","protected":false},"featured_media":11706,"template":"","meta":{"_acf_changed":false},"product_brand":[],"product_cat":[77,105],"product_tag":[],"class_list":{"0":"post-11416","1":"product","2":"type-product","3":"status-publish","4":"has-post-thumbnail","6":"product_cat-salontafels-en-bijzettafels","7":"product_cat-tafel-bij-bank","9":"first","10":"instock","11":"taxable","12":"shipping-taxable","13":"product-type-simple"},"exclude_global_add_ons":[],"addons":[],"acf":[],"yoast_head":null,"yoast_head_json":null,"_links":{"self":[{"href":"https:\/\/www.breesnewworld.nl\/da\/wp-json\/wp\/v2\/product\/11416","targetHints":{"allow":["GET"]}}],"collection":[{"href":"https:\/\/www.breesnewworld.nl\/da\/wp-json\/wp\/v2\/product"}],"about":[{"href":"https:\/\/www.breesnewworld.nl\/da\/wp-json\/wp\/v2\/types\/product"}],"wp:featuredmedia":[{"embeddable":true,"href":"https:\/\/www.breesnewworld.nl\/da\/wp-json\/wp\/v2\/media\/11706"}],"wp:attachment":[{"href":"https:\/\/www.breesnewworld.nl\/da\/wp-json\/wp\/v2\/media?parent=11416"}],"wp:term":[{"taxonomy":"product_brand","embeddable":true,"href":"https:\/\/www.breesnewworld.nl\/da\/wp-json\/wp\/v2\/product_brand?post=11416"},{"taxonomy":"product_cat","embeddable":true,"href":"https:\/\/www.breesnewworld.nl\/da\/wp-json\/wp\/v2\/product_cat?post=11416"},{"taxonomy":"product_tag","embeddable":true,"href":"https:\/\/www.breesnewworld.nl\/da\/wp-json\/wp\/v2\/product_tag?post=11416"}],"curies":[{"name":"wp","href":"https:\/\/api.w.org\/{rel}","templated":true}]}}