{"id":11417,"date":"2025-03-29T18:42:07","date_gmt":"2025-03-29T17:42:07","guid":{"rendered":"https:\/\/www.breesnewworld.nl\/?post_type=product&#038;p=11417"},"modified":"2026-04-05T16:33:35","modified_gmt":"2026-04-05T14:33:35","slug":"trapea-xl-salontafel","status":"publish","type":"product","link":"https:\/\/www.breesnewworld.nl\/da\/samling\/salontafels-en-bijzettafels\/trapea-xl-salontafel\/","title":{"rendered":"Trapea XL sofabord"},"content":{"rendered":"","protected":false},"excerpt":{"rendered":"Trapea: Den nye familie af sofa- og sideborde fra Bree&#039;s New World, der ligesom Twinny, Cloudy og Choq kan kombineres p\u00e5 mange m\u00e5der takket v\u00e6re forskellige bordst\u00f8rrelser og -former, materialevalg og stelh\u00f8jder. Trapea XL er det st\u00f8rste sofabord i serien og passer perfekt til <a href=\"https:\/\/www.breesnewworld.nl\/da\/samling\/salontafels-en-bijzettafels\/trapea-top-salontafels\/\">Trapea Top High<\/a>, hvor du kan &quot;fuldende&quot; dette store sofabord. De asymmetriske, trapezformede bordplader giver denne sofa- og sidebordsfamilie et dynamisk og energisk look. De ensartede metalf\u00f8dder balancerer begge bordets \u00e6stetik. Med forskellige metalstelfarver og snesevis af HPL-, Fenix-, keramik- og massive tr\u00e6finisher tilg\u00e6ngelige til bordpladerne, kan du nemt tilpasse Trapea-bordene til din foretrukne indretningsstil.\r\n\r\n&nbsp;","protected":false},"featured_media":11736,"template":"","meta":{"_acf_changed":false},"product_brand":[],"product_cat":[77,105],"product_tag":[],"class_list":{"0":"post-11417","1":"product","2":"type-product","3":"status-publish","4":"has-post-thumbnail","6":"product_cat-salontafels-en-bijzettafels","7":"product_cat-tafel-bij-bank","9":"first","10":"instock","11":"taxable","12":"shipping-taxable","13":"product-type-simple"},"exclude_global_add_ons":[],"addons":[],"acf":[],"yoast_head":null,"yoast_head_json":null,"_links":{"self":[{"href":"https:\/\/www.breesnewworld.nl\/da\/wp-json\/wp\/v2\/product\/11417","targetHints":{"allow":["GET"]}}],"collection":[{"href":"https:\/\/www.breesnewworld.nl\/da\/wp-json\/wp\/v2\/product"}],"about":[{"href":"https:\/\/www.breesnewworld.nl\/da\/wp-json\/wp\/v2\/types\/product"}],"wp:featuredmedia":[{"embeddable":true,"href":"https:\/\/www.breesnewworld.nl\/da\/wp-json\/wp\/v2\/media\/11736"}],"wp:attachment":[{"href":"https:\/\/www.breesnewworld.nl\/da\/wp-json\/wp\/v2\/media?parent=11417"}],"wp:term":[{"taxonomy":"product_brand","embeddable":true,"href":"https:\/\/www.breesnewworld.nl\/da\/wp-json\/wp\/v2\/product_brand?post=11417"},{"taxonomy":"product_cat","embeddable":true,"href":"https:\/\/www.breesnewworld.nl\/da\/wp-json\/wp\/v2\/product_cat?post=11417"},{"taxonomy":"product_tag","embeddable":true,"href":"https:\/\/www.breesnewworld.nl\/da\/wp-json\/wp\/v2\/product_tag?post=11417"}],"curies":[{"name":"wp","href":"https:\/\/api.w.org\/{rel}","templated":true}]}}