{"id":11432,"date":"2025-03-29T19:22:42","date_gmt":"2025-03-29T18:22:42","guid":{"rendered":"https:\/\/www.breesnewworld.nl\/?post_type=product&#038;p=11432"},"modified":"2026-04-05T16:32:45","modified_gmt":"2026-04-05T14:32:45","slug":"trapea-banktafel","status":"publish","type":"product","link":"https:\/\/www.breesnewworld.nl\/da\/samling\/salontafels-en-bijzettafels\/trapea-banktafel\/","title":{"rendered":"Trapea b\u00e6nkbord"},"content":{"rendered":"","protected":false},"excerpt":{"rendered":"Trapea: Den nye familie af sofa- og sideborde fra Bree&#039;s New World, der ligesom Twinny, Cloudy og Choq kan kombineres p\u00e5 utallige m\u00e5der takket v\u00e6re de forskellige bordpladest\u00f8rrelser og -former, materialemuligheder og h\u00f8jdevariationer i stel. Trapea sofabordet er ikke kun et diskret sofabord, der glider over sofaen, men ogs\u00e5 et ideelt sidebord ved siden af en l\u00e6nestol eller l\u00e6nestol. De asymmetriske, trapezformede bordplader giver denne familie af sofa- og sideborde et dynamisk og energisk look. De ensartede metalf\u00f8dder balancerer b\u00e5de bordet og dets \u00e6stetik. Med forskellige metalstelfarver og snesevis af HPL-, Fenix-, keramik- og massive tr\u00e6finisher til bordpladerne kan du nemt tilpasse Trapea-bordene til din foretrukne indretningsstil.\r\n\r\n&nbsp;","protected":false},"featured_media":11284,"template":"","meta":{"_acf_changed":false},"product_brand":[],"product_cat":[77,105],"product_tag":[],"class_list":{"0":"post-11432","1":"product","2":"type-product","3":"status-publish","4":"has-post-thumbnail","6":"product_cat-salontafels-en-bijzettafels","7":"product_cat-tafel-bij-bank","9":"first","10":"instock","11":"taxable","12":"shipping-taxable","13":"product-type-simple"},"exclude_global_add_ons":[],"addons":[],"acf":[],"yoast_head":null,"yoast_head_json":null,"_links":{"self":[{"href":"https:\/\/www.breesnewworld.nl\/da\/wp-json\/wp\/v2\/product\/11432","targetHints":{"allow":["GET"]}}],"collection":[{"href":"https:\/\/www.breesnewworld.nl\/da\/wp-json\/wp\/v2\/product"}],"about":[{"href":"https:\/\/www.breesnewworld.nl\/da\/wp-json\/wp\/v2\/types\/product"}],"wp:featuredmedia":[{"embeddable":true,"href":"https:\/\/www.breesnewworld.nl\/da\/wp-json\/wp\/v2\/media\/11284"}],"wp:attachment":[{"href":"https:\/\/www.breesnewworld.nl\/da\/wp-json\/wp\/v2\/media?parent=11432"}],"wp:term":[{"taxonomy":"product_brand","embeddable":true,"href":"https:\/\/www.breesnewworld.nl\/da\/wp-json\/wp\/v2\/product_brand?post=11432"},{"taxonomy":"product_cat","embeddable":true,"href":"https:\/\/www.breesnewworld.nl\/da\/wp-json\/wp\/v2\/product_cat?post=11432"},{"taxonomy":"product_tag","embeddable":true,"href":"https:\/\/www.breesnewworld.nl\/da\/wp-json\/wp\/v2\/product_tag?post=11432"}],"curies":[{"name":"wp","href":"https:\/\/api.w.org\/{rel}","templated":true}]}}