{"id":11435,"date":"2025-03-30T17:05:54","date_gmt":"2025-03-30T15:05:54","guid":{"rendered":"https:\/\/www.breesnewworld.nl\/?post_type=product&#038;p=11435"},"modified":"2025-10-17T16:07:12","modified_gmt":"2025-10-17T14:07:12","slug":"blizz-eettafel-zweeds-ovaal","status":"publish","type":"product","link":"https:\/\/www.breesnewworld.nl\/da\/collectie\/eettafels\/blizz-eettafel-zweeds-ovaal\/","title":{"rendered":"Blizz \u2013 Svensk ovalt spisebord"},"content":{"rendered":"","protected":false},"excerpt":{"rendered":"Blizz, et statelig og robust spisebord med et centralt ben af massivt egetr\u00e6 eller valn\u00f8d. Bordpladen f\u00e5s fra 220 til 297 cm i HPL, Fenix, keramik eller massivt tr\u00e6. Udover den moderne spisestue er Blizz et ideelt m\u00f8debord eller konferencebord.","protected":false},"featured_media":11246,"template":"","meta":{"_acf_changed":false},"product_brand":[],"product_cat":[73],"product_tag":[],"class_list":{"0":"post-11435","1":"product","2":"type-product","3":"status-publish","4":"has-post-thumbnail","6":"product_cat-eettafels","8":"first","9":"instock","10":"taxable","11":"shipping-taxable","12":"product-type-simple"},"exclude_global_add_ons":[],"addons":[],"acf":[],"yoast_head":null,"yoast_head_json":null,"_links":{"self":[{"href":"https:\/\/www.breesnewworld.nl\/da\/wp-json\/wp\/v2\/product\/11435","targetHints":{"allow":["GET"]}}],"collection":[{"href":"https:\/\/www.breesnewworld.nl\/da\/wp-json\/wp\/v2\/product"}],"about":[{"href":"https:\/\/www.breesnewworld.nl\/da\/wp-json\/wp\/v2\/types\/product"}],"wp:featuredmedia":[{"embeddable":true,"href":"https:\/\/www.breesnewworld.nl\/da\/wp-json\/wp\/v2\/media\/11246"}],"wp:attachment":[{"href":"https:\/\/www.breesnewworld.nl\/da\/wp-json\/wp\/v2\/media?parent=11435"}],"wp:term":[{"taxonomy":"product_brand","embeddable":true,"href":"https:\/\/www.breesnewworld.nl\/da\/wp-json\/wp\/v2\/product_brand?post=11435"},{"taxonomy":"product_cat","embeddable":true,"href":"https:\/\/www.breesnewworld.nl\/da\/wp-json\/wp\/v2\/product_cat?post=11435"},{"taxonomy":"product_tag","embeddable":true,"href":"https:\/\/www.breesnewworld.nl\/da\/wp-json\/wp\/v2\/product_tag?post=11435"}],"curies":[{"name":"wp","href":"https:\/\/api.w.org\/{rel}","templated":true}]}}