{"id":11436,"date":"2025-03-30T17:21:32","date_gmt":"2025-03-30T15:21:32","guid":{"rendered":"https:\/\/www.breesnewworld.nl\/?post_type=product&#038;p=11436"},"modified":"2025-11-20T15:17:47","modified_gmt":"2025-11-20T14:17:47","slug":"tobyv-verstelbare-barkruk","status":"publish","type":"product","link":"https:\/\/www.breesnewworld.nl\/da\/collectie\/barkrukken\/tobyv-verstelbare-barkruk\/","title":{"rendered":"Toby V \u2013 justerbar barstol"},"content":{"rendered":"","protected":false},"excerpt":{"rendered":"Den justerbare Toby V barstol holder tingene enkle og stilfulde. Et komfortabelt, afrundet polstret s\u00e6de med en behagelig rygl\u00e6n, en fleksibel gasl\u00f8fter til h\u00f8jdejustering og en robust drejebase med fodst\u00f8tte g\u00f8r den ideel til en k\u00f8kken\u00f8 eller et barbord. Den matsorte skivebase skaber et elegant look uden at v\u00e6re tung, mens polstringen tilf\u00f8jer varme og farve. Toby V er komfortabel, drejer let og passer lige godt ind i et moderne k\u00f8kken eller en hyggelig hjemmebar. F\u00e5s i en r\u00e6kke forskellige stoffer og finish, s\u00e5 du nemt kan koordinere den med dit interi\u00f8r. Kort sagt: en barstol i topklasse, som du vil nyde at bruge hver dag. Se ogs\u00e5 spisebordsstolen. <a href=\"https:\/\/www.breesnewworld.nl\/da\/samling\/eetkamerstoelen\/spisestuestol-toby\/\">Toby<\/a>.","protected":false},"featured_media":11437,"template":"","meta":{"_acf_changed":false},"product_brand":[],"product_cat":[79],"product_tag":[],"class_list":{"0":"post-11436","1":"product","2":"type-product","3":"status-publish","4":"has-post-thumbnail","6":"product_cat-barkrukken","8":"first","9":"instock","10":"taxable","11":"shipping-taxable","12":"product-type-simple"},"exclude_global_add_ons":[],"addons":[],"acf":[],"yoast_head":null,"yoast_head_json":null,"_links":{"self":[{"href":"https:\/\/www.breesnewworld.nl\/da\/wp-json\/wp\/v2\/product\/11436","targetHints":{"allow":["GET"]}}],"collection":[{"href":"https:\/\/www.breesnewworld.nl\/da\/wp-json\/wp\/v2\/product"}],"about":[{"href":"https:\/\/www.breesnewworld.nl\/da\/wp-json\/wp\/v2\/types\/product"}],"wp:featuredmedia":[{"embeddable":true,"href":"https:\/\/www.breesnewworld.nl\/da\/wp-json\/wp\/v2\/media\/11437"}],"wp:attachment":[{"href":"https:\/\/www.breesnewworld.nl\/da\/wp-json\/wp\/v2\/media?parent=11436"}],"wp:term":[{"taxonomy":"product_brand","embeddable":true,"href":"https:\/\/www.breesnewworld.nl\/da\/wp-json\/wp\/v2\/product_brand?post=11436"},{"taxonomy":"product_cat","embeddable":true,"href":"https:\/\/www.breesnewworld.nl\/da\/wp-json\/wp\/v2\/product_cat?post=11436"},{"taxonomy":"product_tag","embeddable":true,"href":"https:\/\/www.breesnewworld.nl\/da\/wp-json\/wp\/v2\/product_tag?post=11436"}],"curies":[{"name":"wp","href":"https:\/\/api.w.org\/{rel}","templated":true}]}}