{"id":11503,"date":"2025-10-17T14:04:53","date_gmt":"2025-10-17T12:04:53","guid":{"rendered":"https:\/\/www.breesnewworld.nl\/?post_type=product&#038;p=11503"},"modified":"2025-11-15T14:52:34","modified_gmt":"2025-11-15T13:52:34","slug":"eetkamerstoel-kiq-vierpoot","status":"publish","type":"product","link":"https:\/\/www.breesnewworld.nl\/da\/samling\/eetkamerstoelen\/eetkamerstoel-kiq-vierpoot\/","title":{"rendered":"Spisestuestol Kiq \u2013 Fire ben (Hjul)"},"content":{"rendered":"","protected":false},"excerpt":{"rendered":"Skallen p\u00e5 Kiq \u2013 firbenet spisebordsstol kan f\u00e5s i stof eller l\u00e6der, men en stof-l\u00e6der-kombination er s\u00e6rligt popul\u00e6r. Stel f\u00e5s med eller uden hjul. Udover den arml\u00f8se version f\u00e5s Kiq spisebordsstolen ogs\u00e5 med arml\u00e6n.\r\n\r\n&nbsp;","protected":false},"featured_media":11566,"template":"","meta":{"_acf_changed":false},"product_brand":[],"product_cat":[104,64],"product_tag":[],"class_list":{"0":"post-11503","1":"product","2":"type-product","3":"status-publish","4":"has-post-thumbnail","6":"product_cat-draaibare-eetkamerstoelen","7":"product_cat-eetkamerstoelen","9":"first","10":"instock","11":"taxable","12":"shipping-taxable","13":"product-type-simple"},"exclude_global_add_ons":[],"addons":[],"acf":[],"yoast_head":null,"yoast_head_json":null,"_links":{"self":[{"href":"https:\/\/www.breesnewworld.nl\/da\/wp-json\/wp\/v2\/product\/11503","targetHints":{"allow":["GET"]}}],"collection":[{"href":"https:\/\/www.breesnewworld.nl\/da\/wp-json\/wp\/v2\/product"}],"about":[{"href":"https:\/\/www.breesnewworld.nl\/da\/wp-json\/wp\/v2\/types\/product"}],"wp:featuredmedia":[{"embeddable":true,"href":"https:\/\/www.breesnewworld.nl\/da\/wp-json\/wp\/v2\/media\/11566"}],"wp:attachment":[{"href":"https:\/\/www.breesnewworld.nl\/da\/wp-json\/wp\/v2\/media?parent=11503"}],"wp:term":[{"taxonomy":"product_brand","embeddable":true,"href":"https:\/\/www.breesnewworld.nl\/da\/wp-json\/wp\/v2\/product_brand?post=11503"},{"taxonomy":"product_cat","embeddable":true,"href":"https:\/\/www.breesnewworld.nl\/da\/wp-json\/wp\/v2\/product_cat?post=11503"},{"taxonomy":"product_tag","embeddable":true,"href":"https:\/\/www.breesnewworld.nl\/da\/wp-json\/wp\/v2\/product_tag?post=11503"}],"curies":[{"name":"wp","href":"https:\/\/api.w.org\/{rel}","templated":true}]}}