{"id":11508,"date":"2025-10-17T14:33:11","date_gmt":"2025-10-17T12:33:11","guid":{"rendered":"https:\/\/www.breesnewworld.nl\/?post_type=product&#038;p=11508"},"modified":"2025-11-22T09:37:51","modified_gmt":"2025-11-22T08:37:51","slug":"eetkamerstoel-kiq-deluxe-wiel","status":"publish","type":"product","link":"https:\/\/www.breesnewworld.nl\/da\/samling\/eetkamerstoelen\/eetkamerstoel-kiq-deluxe-wiel\/","title":{"rendered":"Kiq Deluxe spisebordsstol \u2013 Hjul"},"content":{"rendered":"","protected":false},"excerpt":{"rendered":"Kiq Deluxe \u2013 Wiel spisebordsstolens skal f\u00e5s i stof eller l\u00e6der og med fast eller drejeligt s\u00e6de. Udover den arml\u00f8se version f\u00e5s Kiq Deluxe \u2013 Wiel spisebordsstolen ogs\u00e5 med arml\u00e6n. Udover sit luftige og moderne look har denne drejelige spisebordsstol naturligvis et godt &quot;hurtigt&quot; ry.","protected":false},"featured_media":11604,"template":"","meta":{"_acf_changed":false},"product_brand":[],"product_cat":[104,64],"product_tag":[],"class_list":{"0":"post-11508","1":"product","2":"type-product","3":"status-publish","4":"has-post-thumbnail","6":"product_cat-draaibare-eetkamerstoelen","7":"product_cat-eetkamerstoelen","9":"first","10":"instock","11":"taxable","12":"shipping-taxable","13":"product-type-simple"},"exclude_global_add_ons":[],"addons":[],"acf":[],"yoast_head":null,"yoast_head_json":null,"_links":{"self":[{"href":"https:\/\/www.breesnewworld.nl\/da\/wp-json\/wp\/v2\/product\/11508","targetHints":{"allow":["GET"]}}],"collection":[{"href":"https:\/\/www.breesnewworld.nl\/da\/wp-json\/wp\/v2\/product"}],"about":[{"href":"https:\/\/www.breesnewworld.nl\/da\/wp-json\/wp\/v2\/types\/product"}],"wp:featuredmedia":[{"embeddable":true,"href":"https:\/\/www.breesnewworld.nl\/da\/wp-json\/wp\/v2\/media\/11604"}],"wp:attachment":[{"href":"https:\/\/www.breesnewworld.nl\/da\/wp-json\/wp\/v2\/media?parent=11508"}],"wp:term":[{"taxonomy":"product_brand","embeddable":true,"href":"https:\/\/www.breesnewworld.nl\/da\/wp-json\/wp\/v2\/product_brand?post=11508"},{"taxonomy":"product_cat","embeddable":true,"href":"https:\/\/www.breesnewworld.nl\/da\/wp-json\/wp\/v2\/product_cat?post=11508"},{"taxonomy":"product_tag","embeddable":true,"href":"https:\/\/www.breesnewworld.nl\/da\/wp-json\/wp\/v2\/product_tag?post=11508"}],"curies":[{"name":"wp","href":"https:\/\/api.w.org\/{rel}","templated":true}]}}