{"id":11509,"date":"2025-10-17T14:36:25","date_gmt":"2025-10-17T12:36:25","guid":{"rendered":"https:\/\/www.breesnewworld.nl\/?post_type=product&#038;p=11509"},"modified":"2025-11-22T09:44:53","modified_gmt":"2025-11-22T08:44:53","slug":"eetkamerstoel-kiq-arm-deluxe-wiel","status":"publish","type":"product","link":"https:\/\/www.breesnewworld.nl\/da\/samling\/eetkamerstoelen\/eetkamerstoel-kiq-arm-deluxe-wiel\/","title":{"rendered":"Spisestol Kiq Arm Deluxe \u2013 Hjul"},"content":{"rendered":"","protected":false},"excerpt":{"rendered":"Kiq Arm Deluxe \u2013 spisebordsstol med hjul f\u00e5s i stof eller l\u00e6der og med fast eller drejeligt s\u00e6de. Udover versionen med arml\u00e6n f\u00e5s Kiq Deluxe spisebordsstolen ogs\u00e5 uden arml\u00e6n. Udover sit luftige og moderne look har denne (dreje) spisebordsstol ogs\u00e5 et godt, &quot;hurtigt&quot; ry.","protected":false},"featured_media":11605,"template":"","meta":{"_acf_changed":false},"product_brand":[],"product_cat":[104,64],"product_tag":[],"class_list":{"0":"post-11509","1":"product","2":"type-product","3":"status-publish","4":"has-post-thumbnail","6":"product_cat-draaibare-eetkamerstoelen","7":"product_cat-eetkamerstoelen","9":"first","10":"instock","11":"taxable","12":"shipping-taxable","13":"product-type-simple"},"exclude_global_add_ons":[],"addons":[],"acf":[],"yoast_head":null,"yoast_head_json":null,"_links":{"self":[{"href":"https:\/\/www.breesnewworld.nl\/da\/wp-json\/wp\/v2\/product\/11509","targetHints":{"allow":["GET"]}}],"collection":[{"href":"https:\/\/www.breesnewworld.nl\/da\/wp-json\/wp\/v2\/product"}],"about":[{"href":"https:\/\/www.breesnewworld.nl\/da\/wp-json\/wp\/v2\/types\/product"}],"wp:featuredmedia":[{"embeddable":true,"href":"https:\/\/www.breesnewworld.nl\/da\/wp-json\/wp\/v2\/media\/11605"}],"wp:attachment":[{"href":"https:\/\/www.breesnewworld.nl\/da\/wp-json\/wp\/v2\/media?parent=11509"}],"wp:term":[{"taxonomy":"product_brand","embeddable":true,"href":"https:\/\/www.breesnewworld.nl\/da\/wp-json\/wp\/v2\/product_brand?post=11509"},{"taxonomy":"product_cat","embeddable":true,"href":"https:\/\/www.breesnewworld.nl\/da\/wp-json\/wp\/v2\/product_cat?post=11509"},{"taxonomy":"product_tag","embeddable":true,"href":"https:\/\/www.breesnewworld.nl\/da\/wp-json\/wp\/v2\/product_tag?post=11509"}],"curies":[{"name":"wp","href":"https:\/\/api.w.org\/{rel}","templated":true}]}}