{"id":11512,"date":"2025-10-17T14:57:12","date_gmt":"2025-10-17T12:57:12","guid":{"rendered":"https:\/\/www.breesnewworld.nl\/?post_type=product&#038;p=11512"},"modified":"2025-11-19T09:29:41","modified_gmt":"2025-11-19T08:29:41","slug":"eetkamerstoel-kiq-deluxe-vierpoot-wiel","status":"publish","type":"product","link":"https:\/\/www.breesnewworld.nl\/da\/samling\/eetkamerstoelen\/eetkamerstoel-kiq-deluxe-vierpoot-wiel\/","title":{"rendered":"Kiq Deluxe spisebordsstol \u2013 firebenet hjul"},"content":{"rendered":"","protected":false},"excerpt":{"rendered":"Spisestolens skal f\u00e5s i stof eller l\u00e6der. Understellet f\u00e5s med eller uden hjul. Udover den arml\u00f8se version f\u00e5s Kiq Deluxe \u2013 Fire-Bent Wheel spisestolen ogs\u00e5 med arml\u00e6n.","protected":false},"featured_media":11572,"template":"","meta":{"_acf_changed":false},"product_brand":[],"product_cat":[104,64],"product_tag":[],"class_list":{"0":"post-11512","1":"product","2":"type-product","3":"status-publish","4":"has-post-thumbnail","6":"product_cat-draaibare-eetkamerstoelen","7":"product_cat-eetkamerstoelen","9":"first","10":"instock","11":"taxable","12":"shipping-taxable","13":"product-type-simple"},"exclude_global_add_ons":[],"addons":[],"acf":[],"yoast_head":null,"yoast_head_json":null,"_links":{"self":[{"href":"https:\/\/www.breesnewworld.nl\/da\/wp-json\/wp\/v2\/product\/11512","targetHints":{"allow":["GET"]}}],"collection":[{"href":"https:\/\/www.breesnewworld.nl\/da\/wp-json\/wp\/v2\/product"}],"about":[{"href":"https:\/\/www.breesnewworld.nl\/da\/wp-json\/wp\/v2\/types\/product"}],"wp:featuredmedia":[{"embeddable":true,"href":"https:\/\/www.breesnewworld.nl\/da\/wp-json\/wp\/v2\/media\/11572"}],"wp:attachment":[{"href":"https:\/\/www.breesnewworld.nl\/da\/wp-json\/wp\/v2\/media?parent=11512"}],"wp:term":[{"taxonomy":"product_brand","embeddable":true,"href":"https:\/\/www.breesnewworld.nl\/da\/wp-json\/wp\/v2\/product_brand?post=11512"},{"taxonomy":"product_cat","embeddable":true,"href":"https:\/\/www.breesnewworld.nl\/da\/wp-json\/wp\/v2\/product_cat?post=11512"},{"taxonomy":"product_tag","embeddable":true,"href":"https:\/\/www.breesnewworld.nl\/da\/wp-json\/wp\/v2\/product_tag?post=11512"}],"curies":[{"name":"wp","href":"https:\/\/api.w.org\/{rel}","templated":true}]}}