{"id":11519,"date":"2025-10-17T16:35:02","date_gmt":"2025-10-17T14:35:02","guid":{"rendered":"https:\/\/www.breesnewworld.nl\/?post_type=product&#038;p=11519"},"modified":"2025-11-19T10:45:39","modified_gmt":"2025-11-19T09:45:39","slug":"kiq-barkruk-medium","status":"publish","type":"product","link":"https:\/\/www.breesnewworld.nl\/da\/samling\/barkrukken\/kiq-barkruk-medium\/","title":{"rendered":"Kiq Barstol \u2013 Mellem"},"content":{"rendered":"","protected":false},"excerpt":{"rendered":"Kiq barstolen \u2013 medium er en del af Kiq-kollektionen og tilbyder den samme siddekomfort som Kiq-spisestolene. Denne barstol er perfekt til en k\u00f8kken\u00f8, der forbinder stuen og k\u00f8kkenet.","protected":false},"featured_media":11580,"template":"","meta":{"_acf_changed":false},"product_brand":[],"product_cat":[79],"product_tag":[],"class_list":{"0":"post-11519","1":"product","2":"type-product","3":"status-publish","4":"has-post-thumbnail","6":"product_cat-barkrukken","8":"first","9":"instock","10":"taxable","11":"shipping-taxable","12":"product-type-simple"},"exclude_global_add_ons":[],"addons":[],"acf":[],"yoast_head":null,"yoast_head_json":null,"_links":{"self":[{"href":"https:\/\/www.breesnewworld.nl\/da\/wp-json\/wp\/v2\/product\/11519","targetHints":{"allow":["GET"]}}],"collection":[{"href":"https:\/\/www.breesnewworld.nl\/da\/wp-json\/wp\/v2\/product"}],"about":[{"href":"https:\/\/www.breesnewworld.nl\/da\/wp-json\/wp\/v2\/types\/product"}],"wp:featuredmedia":[{"embeddable":true,"href":"https:\/\/www.breesnewworld.nl\/da\/wp-json\/wp\/v2\/media\/11580"}],"wp:attachment":[{"href":"https:\/\/www.breesnewworld.nl\/da\/wp-json\/wp\/v2\/media?parent=11519"}],"wp:term":[{"taxonomy":"product_brand","embeddable":true,"href":"https:\/\/www.breesnewworld.nl\/da\/wp-json\/wp\/v2\/product_brand?post=11519"},{"taxonomy":"product_cat","embeddable":true,"href":"https:\/\/www.breesnewworld.nl\/da\/wp-json\/wp\/v2\/product_cat?post=11519"},{"taxonomy":"product_tag","embeddable":true,"href":"https:\/\/www.breesnewworld.nl\/da\/wp-json\/wp\/v2\/product_tag?post=11519"}],"curies":[{"name":"wp","href":"https:\/\/api.w.org\/{rel}","templated":true}]}}