{"id":11543,"date":"2025-11-05T09:44:40","date_gmt":"2025-11-05T08:44:40","guid":{"rendered":"https:\/\/www.breesnewworld.nl\/?post_type=product&#038;p=11543"},"modified":"2025-11-20T15:04:29","modified_gmt":"2025-11-20T14:04:29","slug":"butterfly-v-barkruk","status":"publish","type":"product","link":"https:\/\/www.breesnewworld.nl\/da\/collectie\/barkrukken\/butterfly-v-barkruk\/","title":{"rendered":"Butterfly V barstol"},"content":{"rendered":"","protected":false},"excerpt":{"rendered":"Butterfly V er den justerbare barstol uden arml\u00e6n fra Butterfly-familien. Det bl\u00f8de, afrundede s\u00e6de giver fremragende st\u00f8tte, og gasfjederen g\u00f8r det nemt at justere s\u00e6deh\u00f8jden. 360\u00b0-drejefunktionen g\u00f8r det nemt at komme ind og ud. Den matsorte skivebase er robust, og den geometriske fodst\u00f8tte holder dig afslappet ved k\u00f8kken\u00f8en eller barbordet. Det rigt v\u00e6vede stof f\u00f8les behageligt at r\u00f8re ved og bringer varme til dit interi\u00f8r. Butterfly V har de karakteristiske flydende linjer fra Butterfly-armen, men ser lettere ud og optager mindre plads. Ideel, hvis du leder efter en elegant og komfortabel barstol, der passer ubesv\u00e6ret ind i et moderne k\u00f8kken eller en hyggelig hjemmebar.","protected":false},"featured_media":11588,"template":"","meta":{"_acf_changed":false},"product_brand":[],"product_cat":[79],"product_tag":[],"class_list":{"0":"post-11543","1":"product","2":"type-product","3":"status-publish","4":"has-post-thumbnail","6":"product_cat-barkrukken","8":"first","9":"instock","10":"taxable","11":"shipping-taxable","12":"product-type-simple"},"exclude_global_add_ons":[],"addons":[],"acf":[],"yoast_head":null,"yoast_head_json":null,"_links":{"self":[{"href":"https:\/\/www.breesnewworld.nl\/da\/wp-json\/wp\/v2\/product\/11543","targetHints":{"allow":["GET"]}}],"collection":[{"href":"https:\/\/www.breesnewworld.nl\/da\/wp-json\/wp\/v2\/product"}],"about":[{"href":"https:\/\/www.breesnewworld.nl\/da\/wp-json\/wp\/v2\/types\/product"}],"wp:featuredmedia":[{"embeddable":true,"href":"https:\/\/www.breesnewworld.nl\/da\/wp-json\/wp\/v2\/media\/11588"}],"wp:attachment":[{"href":"https:\/\/www.breesnewworld.nl\/da\/wp-json\/wp\/v2\/media?parent=11543"}],"wp:term":[{"taxonomy":"product_brand","embeddable":true,"href":"https:\/\/www.breesnewworld.nl\/da\/wp-json\/wp\/v2\/product_brand?post=11543"},{"taxonomy":"product_cat","embeddable":true,"href":"https:\/\/www.breesnewworld.nl\/da\/wp-json\/wp\/v2\/product_cat?post=11543"},{"taxonomy":"product_tag","embeddable":true,"href":"https:\/\/www.breesnewworld.nl\/da\/wp-json\/wp\/v2\/product_tag?post=11543"}],"curies":[{"name":"wp","href":"https:\/\/api.w.org\/{rel}","templated":true}]}}