{"id":11544,"date":"2025-11-05T09:51:49","date_gmt":"2025-11-05T08:51:49","guid":{"rendered":"https:\/\/www.breesnewworld.nl\/?post_type=product&#038;p=11544"},"modified":"2025-11-20T15:06:04","modified_gmt":"2025-11-20T14:06:04","slug":"butterfly-arm-v-barkruk","status":"publish","type":"product","link":"https:\/\/www.breesnewworld.nl\/da\/collectie\/barkrukken\/butterfly-arm-v-barkruk\/","title":{"rendered":"V-formet barstol med sommerfuglearm"},"content":{"rendered":"","protected":false},"excerpt":{"rendered":"Butterfly Arm V er en barstol, du vil elske at synke ned i, og som du ikke vil forlade lige forel\u00f8big. Den bl\u00f8de skal med h\u00e6vbare arml\u00e6n f\u00f8les \u00f8jeblikkeligt behagelig, mens gasfjederen giver dig mulighed for hurtigt at justere h\u00f8jden. Den drejer j\u00e6vnt, perfekt til en k\u00f8kken\u00f8 eller et barbord. Det groftv\u00e6vede stof tilf\u00f8jer varme og tekstur, og den robuste skivebund med en vinklet fodst\u00f8tte holder alt stabilt. Perfekt til lange aftener med snak og drinks, og den komplementerer nemt b\u00e5de et elegant k\u00f8kken og en hyggelig hjemmebar. F\u00e5s i en r\u00e6kke forskellige stoffer og finish.","protected":false},"featured_media":11589,"template":"","meta":{"_acf_changed":false},"product_brand":[],"product_cat":[79],"product_tag":[],"class_list":{"0":"post-11544","1":"product","2":"type-product","3":"status-publish","4":"has-post-thumbnail","6":"product_cat-barkrukken","8":"first","9":"instock","10":"taxable","11":"shipping-taxable","12":"product-type-simple"},"exclude_global_add_ons":[],"addons":[],"acf":[],"yoast_head":null,"yoast_head_json":null,"_links":{"self":[{"href":"https:\/\/www.breesnewworld.nl\/da\/wp-json\/wp\/v2\/product\/11544","targetHints":{"allow":["GET"]}}],"collection":[{"href":"https:\/\/www.breesnewworld.nl\/da\/wp-json\/wp\/v2\/product"}],"about":[{"href":"https:\/\/www.breesnewworld.nl\/da\/wp-json\/wp\/v2\/types\/product"}],"wp:featuredmedia":[{"embeddable":true,"href":"https:\/\/www.breesnewworld.nl\/da\/wp-json\/wp\/v2\/media\/11589"}],"wp:attachment":[{"href":"https:\/\/www.breesnewworld.nl\/da\/wp-json\/wp\/v2\/media?parent=11544"}],"wp:term":[{"taxonomy":"product_brand","embeddable":true,"href":"https:\/\/www.breesnewworld.nl\/da\/wp-json\/wp\/v2\/product_brand?post=11544"},{"taxonomy":"product_cat","embeddable":true,"href":"https:\/\/www.breesnewworld.nl\/da\/wp-json\/wp\/v2\/product_cat?post=11544"},{"taxonomy":"product_tag","embeddable":true,"href":"https:\/\/www.breesnewworld.nl\/da\/wp-json\/wp\/v2\/product_tag?post=11544"}],"curies":[{"name":"wp","href":"https:\/\/api.w.org\/{rel}","templated":true}]}}