{"id":11545,"date":"2025-11-05T09:55:08","date_gmt":"2025-11-05T08:55:08","guid":{"rendered":"https:\/\/www.breesnewworld.nl\/?post_type=product&#038;p=11545"},"modified":"2025-11-20T15:01:03","modified_gmt":"2025-11-20T14:01:03","slug":"fiori-v-barkruk","status":"publish","type":"product","link":"https:\/\/www.breesnewworld.nl\/da\/collectie\/barkrukken\/fiori-v-barkruk\/","title":{"rendered":"Fiori V barstol"},"content":{"rendered":"","protected":false},"excerpt":{"rendered":"Fiori V er en moderne, justerbar barstol med en h\u00f8j, st\u00f8ttende ryg. Gasfjederen giver dig mulighed for hurtigt at justere s\u00e6deh\u00f8jden, og den faste fodst\u00f8tte kombineret med den runde skivebase giver en stabil base til en k\u00f8kken\u00f8 eller et barbord. S\u00e6det f\u00f8les luksuri\u00f8st og kan polstres i stof eller l\u00e6der, fra diskrete naturlige til dristige farver. Basen kan finishes i dit valg af epoxyharpiks, s\u00e5som sort, anodisk brun, antracit, hvid eller beige, s\u00e5 Fiori V komplementerer dit interi\u00f8r perfekt. Denne barstol kombinerer komfort med et elegant design og er skabt til komfortabel siddeplads hver dag.","protected":false},"featured_media":11590,"template":"","meta":{"_acf_changed":false},"product_brand":[],"product_cat":[79],"product_tag":[],"class_list":{"0":"post-11545","1":"product","2":"type-product","3":"status-publish","4":"has-post-thumbnail","6":"product_cat-barkrukken","8":"first","9":"instock","10":"taxable","11":"shipping-taxable","12":"product-type-simple"},"exclude_global_add_ons":[],"addons":[],"acf":[],"yoast_head":null,"yoast_head_json":null,"_links":{"self":[{"href":"https:\/\/www.breesnewworld.nl\/da\/wp-json\/wp\/v2\/product\/11545","targetHints":{"allow":["GET"]}}],"collection":[{"href":"https:\/\/www.breesnewworld.nl\/da\/wp-json\/wp\/v2\/product"}],"about":[{"href":"https:\/\/www.breesnewworld.nl\/da\/wp-json\/wp\/v2\/types\/product"}],"wp:featuredmedia":[{"embeddable":true,"href":"https:\/\/www.breesnewworld.nl\/da\/wp-json\/wp\/v2\/media\/11590"}],"wp:attachment":[{"href":"https:\/\/www.breesnewworld.nl\/da\/wp-json\/wp\/v2\/media?parent=11545"}],"wp:term":[{"taxonomy":"product_brand","embeddable":true,"href":"https:\/\/www.breesnewworld.nl\/da\/wp-json\/wp\/v2\/product_brand?post=11545"},{"taxonomy":"product_cat","embeddable":true,"href":"https:\/\/www.breesnewworld.nl\/da\/wp-json\/wp\/v2\/product_cat?post=11545"},{"taxonomy":"product_tag","embeddable":true,"href":"https:\/\/www.breesnewworld.nl\/da\/wp-json\/wp\/v2\/product_tag?post=11545"}],"curies":[{"name":"wp","href":"https:\/\/api.w.org\/{rel}","templated":true}]}}