{"id":11546,"date":"2025-11-05T10:24:03","date_gmt":"2025-11-05T09:24:03","guid":{"rendered":"https:\/\/www.breesnewworld.nl\/?post_type=product&#038;p=11546"},"modified":"2025-11-20T14:01:58","modified_gmt":"2025-11-20T13:01:58","slug":"rikki-v-barkruk","status":"publish","type":"product","link":"https:\/\/www.breesnewworld.nl\/da\/collectie\/barkrukken\/rikki-v-barkruk\/","title":{"rendered":"Rikki V barstol"},"content":{"rendered":"","protected":false},"excerpt":{"rendered":"Rikki V er en moderne, justerbar barstol uden arml\u00e6n med en robust og st\u00f8ttende ryg. Gasl\u00f8fteren giver dig mulighed for at justere s\u00e6deh\u00f8jden, s\u00e5 den passer perfekt til din k\u00f8kken\u00f8 eller barbord, og den faste fodst\u00f8tte sikrer afslappet siddeh\u00f8jde, selvom du bliver h\u00e6ngende et stykke tid. Det elegante s\u00e6de ser slankt ud, men er komfortabelt \u2013 pr\u00e6cis hvad du \u00f8nsker i et travlt k\u00f8kken eller en hjemmebar. Du kan tilpasse Rikki V til dine pr\u00e6cise specifikationer: v\u00e6lg stof, l\u00e6der eller en kombination af stoffer, og v\u00e6lg den farve, der komplementerer dit interi\u00f8r. Understellet er udf\u00f8rt i rustfrit st\u00e5l eller en slidst\u00e6rk epoxylak, s\u00e5 barstolen ikke kun ser godt ud, men ogs\u00e5 er holdbar. Kort sagt kombinerer Rikki V et friskt look med hverdagskomfort og bekvemmeligheden ved en justerbar s\u00e6deh\u00f8jde.","protected":false},"featured_media":11591,"template":"","meta":{"_acf_changed":false},"product_brand":[],"product_cat":[79],"product_tag":[],"class_list":{"0":"post-11546","1":"product","2":"type-product","3":"status-publish","4":"has-post-thumbnail","6":"product_cat-barkrukken","8":"first","9":"instock","10":"taxable","11":"shipping-taxable","12":"product-type-simple"},"exclude_global_add_ons":[],"addons":[],"acf":[],"yoast_head":null,"yoast_head_json":null,"_links":{"self":[{"href":"https:\/\/www.breesnewworld.nl\/da\/wp-json\/wp\/v2\/product\/11546","targetHints":{"allow":["GET"]}}],"collection":[{"href":"https:\/\/www.breesnewworld.nl\/da\/wp-json\/wp\/v2\/product"}],"about":[{"href":"https:\/\/www.breesnewworld.nl\/da\/wp-json\/wp\/v2\/types\/product"}],"wp:featuredmedia":[{"embeddable":true,"href":"https:\/\/www.breesnewworld.nl\/da\/wp-json\/wp\/v2\/media\/11591"}],"wp:attachment":[{"href":"https:\/\/www.breesnewworld.nl\/da\/wp-json\/wp\/v2\/media?parent=11546"}],"wp:term":[{"taxonomy":"product_brand","embeddable":true,"href":"https:\/\/www.breesnewworld.nl\/da\/wp-json\/wp\/v2\/product_brand?post=11546"},{"taxonomy":"product_cat","embeddable":true,"href":"https:\/\/www.breesnewworld.nl\/da\/wp-json\/wp\/v2\/product_cat?post=11546"},{"taxonomy":"product_tag","embeddable":true,"href":"https:\/\/www.breesnewworld.nl\/da\/wp-json\/wp\/v2\/product_tag?post=11546"}],"curies":[{"name":"wp","href":"https:\/\/api.w.org\/{rel}","templated":true}]}}