{"id":11547,"date":"2025-11-05T10:29:03","date_gmt":"2025-11-05T09:29:03","guid":{"rendered":"https:\/\/www.breesnewworld.nl\/?post_type=product&#038;p=11547"},"modified":"2025-11-20T15:07:48","modified_gmt":"2025-11-20T14:07:48","slug":"kiq-v-barkruk","status":"publish","type":"product","link":"https:\/\/www.breesnewworld.nl\/da\/collectie\/barkrukken\/kiq-v-barkruk\/","title":{"rendered":"Kiq V barstol"},"content":{"rendered":"","protected":false},"excerpt":{"rendered":"Kiq V er den justerbare barstol fra Kiq-kollektionen uden arml\u00e6n: elegant, smidig og komfortabel. Det konturerede s\u00e6de med en st\u00f8ttende ryg f\u00f8les \u00f8jeblikkeligt behageligt, mens gasfjederen giver dig mulighed for hurtigt at justere h\u00f8jden til din bar eller k\u00f8kken\u00f8. Den drejer j\u00e6vnt og st\u00e5r sikkert p\u00e5 en matsort skivebase med en robust fodst\u00f8tte, hvilket g\u00f8r det nemt at sidde komfortabelt og slappe af. Stoffet tilf\u00f8jer varme og tekstur og f\u00e5s i flere finish, hvilket g\u00f8r Kiq V lige s\u00e5 hjemmevant i et elegant k\u00f8kken som i en hyggelig hjemmebar. Kompakt i design, gener\u00f8s i komfort - den ideelle, luftige tilf\u00f8jelse til den popul\u00e6re Kiq-serie.","protected":false},"featured_media":11592,"template":"","meta":{"_acf_changed":false},"product_brand":[],"product_cat":[79],"product_tag":[],"class_list":{"0":"post-11547","1":"product","2":"type-product","3":"status-publish","4":"has-post-thumbnail","6":"product_cat-barkrukken","8":"first","9":"instock","10":"taxable","11":"shipping-taxable","12":"product-type-simple"},"exclude_global_add_ons":[],"addons":[],"acf":[],"yoast_head":null,"yoast_head_json":null,"_links":{"self":[{"href":"https:\/\/www.breesnewworld.nl\/da\/wp-json\/wp\/v2\/product\/11547","targetHints":{"allow":["GET"]}}],"collection":[{"href":"https:\/\/www.breesnewworld.nl\/da\/wp-json\/wp\/v2\/product"}],"about":[{"href":"https:\/\/www.breesnewworld.nl\/da\/wp-json\/wp\/v2\/types\/product"}],"wp:featuredmedia":[{"embeddable":true,"href":"https:\/\/www.breesnewworld.nl\/da\/wp-json\/wp\/v2\/media\/11592"}],"wp:attachment":[{"href":"https:\/\/www.breesnewworld.nl\/da\/wp-json\/wp\/v2\/media?parent=11547"}],"wp:term":[{"taxonomy":"product_brand","embeddable":true,"href":"https:\/\/www.breesnewworld.nl\/da\/wp-json\/wp\/v2\/product_brand?post=11547"},{"taxonomy":"product_cat","embeddable":true,"href":"https:\/\/www.breesnewworld.nl\/da\/wp-json\/wp\/v2\/product_cat?post=11547"},{"taxonomy":"product_tag","embeddable":true,"href":"https:\/\/www.breesnewworld.nl\/da\/wp-json\/wp\/v2\/product_tag?post=11547"}],"curies":[{"name":"wp","href":"https:\/\/api.w.org\/{rel}","templated":true}]}}