{"id":11548,"date":"2025-11-05T10:31:18","date_gmt":"2025-11-05T09:31:18","guid":{"rendered":"https:\/\/www.breesnewworld.nl\/?post_type=product&#038;p=11548"},"modified":"2026-01-09T13:42:20","modified_gmt":"2026-01-09T12:42:20","slug":"kiq-arm-v-barkruk","status":"publish","type":"product","link":"https:\/\/www.breesnewworld.nl\/da\/collectie\/barkrukken\/kiq-arm-v-barkruk\/","title":{"rendered":"Kiq arm V barstol"},"content":{"rendered":"","protected":false},"excerpt":{"rendered":"Kiq Arm V er en justerbar barstol med et komfortabelt spands\u00e6de og fine arml\u00e6n, inspireret af vores popul\u00e6re <a href=\"https:\/\/www.breesnewworld.nl\/da\/samling\/eetkamerstoelen\/eetkamerstoel-kiq-arm-deluxe-24-vierpoot\/\">spisestuestol Kiq<\/a>Gasfjederen muligg\u00f8r j\u00e6vn h\u00f8jdejustering, hvilket g\u00f8r den lige s\u00e5 velegnet til en k\u00f8kken\u00f8 som et h\u00f8jt barbord. Drejefunktionen g\u00f8r det nemt at komme ind, mens den matsorte skivebase med robust fodst\u00f8tte giver stabilitet og et elegant look. Det bl\u00f8de melangestof tilf\u00f8jer varme til dit interi\u00f8r og er behageligt, ideelt til l\u00e6ngere stunder ved baren. Kiq Arm V f\u00e5s i en r\u00e6kke forskellige stoffer og finish og passer problemfrit ind i moderne k\u00f8kkener og hyggelige hjemmebarer. Kort sagt: en stilfuld allrounder med den velkendte komfort fra Kiq-serien.","protected":false},"featured_media":11593,"template":"","meta":{"_acf_changed":false},"product_brand":[],"product_cat":[79],"product_tag":[],"class_list":{"0":"post-11548","1":"product","2":"type-product","3":"status-publish","4":"has-post-thumbnail","6":"product_cat-barkrukken","8":"first","9":"instock","10":"taxable","11":"shipping-taxable","12":"product-type-simple"},"exclude_global_add_ons":[],"addons":[],"acf":[],"yoast_head":null,"yoast_head_json":null,"_links":{"self":[{"href":"https:\/\/www.breesnewworld.nl\/da\/wp-json\/wp\/v2\/product\/11548","targetHints":{"allow":["GET"]}}],"collection":[{"href":"https:\/\/www.breesnewworld.nl\/da\/wp-json\/wp\/v2\/product"}],"about":[{"href":"https:\/\/www.breesnewworld.nl\/da\/wp-json\/wp\/v2\/types\/product"}],"wp:featuredmedia":[{"embeddable":true,"href":"https:\/\/www.breesnewworld.nl\/da\/wp-json\/wp\/v2\/media\/11593"}],"wp:attachment":[{"href":"https:\/\/www.breesnewworld.nl\/da\/wp-json\/wp\/v2\/media?parent=11548"}],"wp:term":[{"taxonomy":"product_brand","embeddable":true,"href":"https:\/\/www.breesnewworld.nl\/da\/wp-json\/wp\/v2\/product_brand?post=11548"},{"taxonomy":"product_cat","embeddable":true,"href":"https:\/\/www.breesnewworld.nl\/da\/wp-json\/wp\/v2\/product_cat?post=11548"},{"taxonomy":"product_tag","embeddable":true,"href":"https:\/\/www.breesnewworld.nl\/da\/wp-json\/wp\/v2\/product_tag?post=11548"}],"curies":[{"name":"wp","href":"https:\/\/api.w.org\/{rel}","templated":true}]}}