{"id":11549,"date":"2025-11-05T10:33:35","date_gmt":"2025-11-05T09:33:35","guid":{"rendered":"https:\/\/www.breesnewworld.nl\/?post_type=product&#038;p=11549"},"modified":"2025-11-20T15:13:13","modified_gmt":"2025-11-20T14:13:13","slug":"kiq-arm-deluxe-v-barkruk","status":"publish","type":"product","link":"https:\/\/www.breesnewworld.nl\/da\/collectie\/barkrukken\/kiq-arm-deluxe-v-barkruk\/","title":{"rendered":"Kiq arm Deluxe V barstol"},"content":{"rendered":"","protected":false},"excerpt":{"rendered":"Kiq Arm Deluxe V er en moderne, justerbar barstol fra Bree&#039;s New World, der tilbyder luksuri\u00f8s siddekomfort. Dens h\u00f8jde kan nemt justeres, s\u00e5 den passer perfekt til en k\u00f8kken\u00f8 eller et barbord, mens den faste fodst\u00f8tte giver ekstra afslapning. S\u00e6det kan tilpasses fuldt ud i stof eller l\u00e6der, i d\u00e6mpede toner eller en sl\u00e5ende farve. Basen er f\u00e6rdigbehandlet med en slidst\u00e6rk epoxyharpiks i en farve efter eget valg, s\u00e5som anodisk brun, antracit, beige, hvid eller sort, hvilket g\u00f8r, at Kiq Deluxe V falder problemfrit ind i dit interi\u00f8r. En moderne barstol, der kombinerer komfort, tilpasning og et elegant design til hverdagsbrug.","protected":false},"featured_media":11595,"template":"","meta":{"_acf_changed":false},"product_brand":[],"product_cat":[79],"product_tag":[],"class_list":{"0":"post-11549","1":"product","2":"type-product","3":"status-publish","4":"has-post-thumbnail","6":"product_cat-barkrukken","8":"first","9":"instock","10":"taxable","11":"shipping-taxable","12":"product-type-simple"},"exclude_global_add_ons":[],"addons":[],"acf":[],"yoast_head":null,"yoast_head_json":null,"_links":{"self":[{"href":"https:\/\/www.breesnewworld.nl\/da\/wp-json\/wp\/v2\/product\/11549","targetHints":{"allow":["GET"]}}],"collection":[{"href":"https:\/\/www.breesnewworld.nl\/da\/wp-json\/wp\/v2\/product"}],"about":[{"href":"https:\/\/www.breesnewworld.nl\/da\/wp-json\/wp\/v2\/types\/product"}],"wp:featuredmedia":[{"embeddable":true,"href":"https:\/\/www.breesnewworld.nl\/da\/wp-json\/wp\/v2\/media\/11595"}],"wp:attachment":[{"href":"https:\/\/www.breesnewworld.nl\/da\/wp-json\/wp\/v2\/media?parent=11549"}],"wp:term":[{"taxonomy":"product_brand","embeddable":true,"href":"https:\/\/www.breesnewworld.nl\/da\/wp-json\/wp\/v2\/product_brand?post=11549"},{"taxonomy":"product_cat","embeddable":true,"href":"https:\/\/www.breesnewworld.nl\/da\/wp-json\/wp\/v2\/product_cat?post=11549"},{"taxonomy":"product_tag","embeddable":true,"href":"https:\/\/www.breesnewworld.nl\/da\/wp-json\/wp\/v2\/product_tag?post=11549"}],"curies":[{"name":"wp","href":"https:\/\/api.w.org\/{rel}","templated":true}]}}