{"id":11550,"date":"2025-11-05T10:38:46","date_gmt":"2025-11-05T09:38:46","guid":{"rendered":"https:\/\/www.breesnewworld.nl\/?post_type=product&#038;p=11550"},"modified":"2025-11-20T15:09:22","modified_gmt":"2025-11-20T14:09:22","slug":"kiq-deluxe-v-barkruk","status":"publish","type":"product","link":"https:\/\/www.breesnewworld.nl\/da\/collectie\/barkrukken\/kiq-deluxe-v-barkruk\/","title":{"rendered":"Kiq Deluxe V barstol"},"content":{"rendered":"","protected":false},"excerpt":{"rendered":"Kiq Deluxe V er en moderne, justerbar barstol fra Bree&#039;s New World, der tilbyder virkelig komfortable siddepladser. Denne stol er en variation af Kiq Arm Deluxe. Gasfjederen giver dig mulighed for at justere h\u00f8jden, s\u00e5 den passer perfekt til din k\u00f8kken\u00f8 eller barbord, mens fodst\u00f8tten g\u00f8r det nemt at slappe af. Du v\u00e6lger polstringen: stof eller l\u00e6der, diskret eller en dristig farve. Basen er f\u00e6rdigbehandlet med en slidst\u00e6rk epoxyharpiks i din yndlingsnuance, s\u00e5som anodisk brun, antracit, beige, hvid eller sort. P\u00e5 denne m\u00e5de passer Kiq Deluxe V problemfrit ind i dit interi\u00f8r og giver dig en barstol, der ser elegant ud og er behagelig at sidde p\u00e5 hver dag.","protected":false},"featured_media":11596,"template":"","meta":{"_acf_changed":false},"product_brand":[],"product_cat":[79],"product_tag":[],"class_list":{"0":"post-11550","1":"product","2":"type-product","3":"status-publish","4":"has-post-thumbnail","6":"product_cat-barkrukken","8":"first","9":"instock","10":"taxable","11":"shipping-taxable","12":"product-type-simple"},"exclude_global_add_ons":[],"addons":[],"acf":[],"yoast_head":null,"yoast_head_json":null,"_links":{"self":[{"href":"https:\/\/www.breesnewworld.nl\/da\/wp-json\/wp\/v2\/product\/11550","targetHints":{"allow":["GET"]}}],"collection":[{"href":"https:\/\/www.breesnewworld.nl\/da\/wp-json\/wp\/v2\/product"}],"about":[{"href":"https:\/\/www.breesnewworld.nl\/da\/wp-json\/wp\/v2\/types\/product"}],"wp:featuredmedia":[{"embeddable":true,"href":"https:\/\/www.breesnewworld.nl\/da\/wp-json\/wp\/v2\/media\/11596"}],"wp:attachment":[{"href":"https:\/\/www.breesnewworld.nl\/da\/wp-json\/wp\/v2\/media?parent=11550"}],"wp:term":[{"taxonomy":"product_brand","embeddable":true,"href":"https:\/\/www.breesnewworld.nl\/da\/wp-json\/wp\/v2\/product_brand?post=11550"},{"taxonomy":"product_cat","embeddable":true,"href":"https:\/\/www.breesnewworld.nl\/da\/wp-json\/wp\/v2\/product_cat?post=11550"},{"taxonomy":"product_tag","embeddable":true,"href":"https:\/\/www.breesnewworld.nl\/da\/wp-json\/wp\/v2\/product_tag?post=11550"}],"curies":[{"name":"wp","href":"https:\/\/api.w.org\/{rel}","templated":true}]}}