{"id":11551,"date":"2025-11-05T10:43:05","date_gmt":"2025-11-05T09:43:05","guid":{"rendered":"https:\/\/www.breesnewworld.nl\/?post_type=product&#038;p=11551"},"modified":"2025-11-20T13:53:23","modified_gmt":"2025-11-20T12:53:23","slug":"quby-v-barkruk","status":"publish","type":"product","link":"https:\/\/www.breesnewworld.nl\/da\/collectie\/barkrukken\/quby-v-barkruk\/","title":{"rendered":"Quby V barstol"},"content":{"rendered":"","protected":false},"excerpt":{"rendered":"Quby V er en moderne, justerbar barstol med et elegant og nutidigt look. Gasfjederen giver dig mulighed for at justere s\u00e6deh\u00f8jden i en enkelt bev\u00e6gelse til en k\u00f8kken\u00f8 eller et barbord, mens den faste fodst\u00f8tte g\u00f8r det nemt at slappe af. S\u00e6det er behageligt og har et friskt look takket v\u00e6re de rene linjer, der giver Quby sin karakteristiske karakter. Du kan tilpasse den helt efter din smag med stof- eller l\u00e6derbetr\u00e6k og en farve, der komplementerer dit interi\u00f8r. Basen er st\u00e6rk og stabil og kan f\u00e5s i rustfrit st\u00e5l eller en slidst\u00e6rk epoxyfinish som sort, antracit, hvid, beige eller anodisk brun. P\u00e5 denne m\u00e5de kombinerer Quby V hverdagskomfort med et elegant design, der ser godt ud i b\u00e5de moderne k\u00f8kkener og hyggelige hjemmebarer. Quby V tilbyder den samme komfort som... <a href=\"https:\/\/www.breesnewworld.nl\/da\/samling\/eetkamerstoelen\/spisestuestol-quby\/\">Spisestuestol Quby!<\/a>","protected":false},"featured_media":11597,"template":"","meta":{"_acf_changed":false},"product_brand":[],"product_cat":[79],"product_tag":[],"class_list":{"0":"post-11551","1":"product","2":"type-product","3":"status-publish","4":"has-post-thumbnail","6":"product_cat-barkrukken","8":"first","9":"instock","10":"taxable","11":"shipping-taxable","12":"product-type-simple"},"exclude_global_add_ons":[],"addons":[],"acf":[],"yoast_head":null,"yoast_head_json":null,"_links":{"self":[{"href":"https:\/\/www.breesnewworld.nl\/da\/wp-json\/wp\/v2\/product\/11551","targetHints":{"allow":["GET"]}}],"collection":[{"href":"https:\/\/www.breesnewworld.nl\/da\/wp-json\/wp\/v2\/product"}],"about":[{"href":"https:\/\/www.breesnewworld.nl\/da\/wp-json\/wp\/v2\/types\/product"}],"wp:featuredmedia":[{"embeddable":true,"href":"https:\/\/www.breesnewworld.nl\/da\/wp-json\/wp\/v2\/media\/11597"}],"wp:attachment":[{"href":"https:\/\/www.breesnewworld.nl\/da\/wp-json\/wp\/v2\/media?parent=11551"}],"wp:term":[{"taxonomy":"product_brand","embeddable":true,"href":"https:\/\/www.breesnewworld.nl\/da\/wp-json\/wp\/v2\/product_brand?post=11551"},{"taxonomy":"product_cat","embeddable":true,"href":"https:\/\/www.breesnewworld.nl\/da\/wp-json\/wp\/v2\/product_cat?post=11551"},{"taxonomy":"product_tag","embeddable":true,"href":"https:\/\/www.breesnewworld.nl\/da\/wp-json\/wp\/v2\/product_tag?post=11551"}],"curies":[{"name":"wp","href":"https:\/\/api.w.org\/{rel}","templated":true}]}}