{"id":11552,"date":"2025-11-05T10:50:53","date_gmt":"2025-11-05T09:50:53","guid":{"rendered":"https:\/\/www.breesnewworld.nl\/?post_type=product&#038;p=11552"},"modified":"2025-11-20T15:16:25","modified_gmt":"2025-11-20T14:16:25","slug":"toby-arm-v-barkruk","status":"publish","type":"product","link":"https:\/\/www.breesnewworld.nl\/da\/collectie\/barkrukken\/toby-arm-v-barkruk\/","title":{"rendered":"Toby arm V barstol"},"content":{"rendered":"","protected":false},"excerpt":{"rendered":"Toby Arm V er en justerbar barstol med arml\u00e6n, der simpelthen er behagelig. Den bl\u00f8de polstring, rygst\u00f8tten og de komfortable arml\u00e6n g\u00f8r den ideel til at blive ved. Gasl\u00f8fteren giver dig mulighed for at justere h\u00f8jden, s\u00e5 den passer perfekt til din k\u00f8kken\u00f8 eller barbord, og det drejelige design g\u00f8r det nemt at komme ind og ud. Den matsorte skivebase med fodst\u00f8tte f\u00f8les robust og har et elegant look, mens stoffet tilf\u00f8jer varme. Du kan selv v\u00e6lge polstring og finish, s\u00e5 den ubesv\u00e6ret matcher din indretning. Kort sagt: en afslappet hverdagsfavorit til k\u00f8kkenet og hjemmebaren.","protected":false},"featured_media":11598,"template":"","meta":{"_acf_changed":false},"product_brand":[],"product_cat":[79],"product_tag":[],"class_list":{"0":"post-11552","1":"product","2":"type-product","3":"status-publish","4":"has-post-thumbnail","6":"product_cat-barkrukken","8":"first","9":"instock","10":"taxable","11":"shipping-taxable","12":"product-type-simple"},"exclude_global_add_ons":[],"addons":[],"acf":[],"yoast_head":null,"yoast_head_json":null,"_links":{"self":[{"href":"https:\/\/www.breesnewworld.nl\/da\/wp-json\/wp\/v2\/product\/11552","targetHints":{"allow":["GET"]}}],"collection":[{"href":"https:\/\/www.breesnewworld.nl\/da\/wp-json\/wp\/v2\/product"}],"about":[{"href":"https:\/\/www.breesnewworld.nl\/da\/wp-json\/wp\/v2\/types\/product"}],"wp:featuredmedia":[{"embeddable":true,"href":"https:\/\/www.breesnewworld.nl\/da\/wp-json\/wp\/v2\/media\/11598"}],"wp:attachment":[{"href":"https:\/\/www.breesnewworld.nl\/da\/wp-json\/wp\/v2\/media?parent=11552"}],"wp:term":[{"taxonomy":"product_brand","embeddable":true,"href":"https:\/\/www.breesnewworld.nl\/da\/wp-json\/wp\/v2\/product_brand?post=11552"},{"taxonomy":"product_cat","embeddable":true,"href":"https:\/\/www.breesnewworld.nl\/da\/wp-json\/wp\/v2\/product_cat?post=11552"},{"taxonomy":"product_tag","embeddable":true,"href":"https:\/\/www.breesnewworld.nl\/da\/wp-json\/wp\/v2\/product_tag?post=11552"}],"curies":[{"name":"wp","href":"https:\/\/api.w.org\/{rel}","templated":true}]}}