{"id":11557,"date":"2025-11-05T11:40:48","date_gmt":"2025-11-05T10:40:48","guid":{"rendered":"https:\/\/www.breesnewworld.nl\/?post_type=product&#038;p=11557"},"modified":"2025-11-22T10:06:21","modified_gmt":"2025-11-22T09:06:21","slug":"oscar-eettafel-deens-ovaal","status":"publish","type":"product","link":"https:\/\/www.breesnewworld.nl\/da\/collectie\/eettafels\/oscar-eettafel-deens-ovaal\/","title":{"rendered":"Oscar \u2013 spisebord (dansk oval)"},"content":{"rendered":"","protected":false},"excerpt":{"rendered":"Oscar Danish Oval spisebordet er et velkendt ansigt. Denne model har tidligere vist sig at v\u00e6re en succes med sin ovale form og er endda blevet et popul\u00e6rt &quot;talkshow-bord&quot;. Ligesom vores andre stel f\u00e5s metallet i anodisk brun, antracit, beige, hvid og sort, samt Fenix Bloom. Bordpladerne f\u00e5s ogs\u00e5 i et bredt udvalg. For dem, der leder efter et bord, der tiltr\u00e6kker sig opm\u00e6rksomhed, b\u00f8r man overveje Oscar Danish Oval spisebordet.","protected":false},"featured_media":11606,"template":"","meta":{"_acf_changed":false},"product_brand":[],"product_cat":[73],"product_tag":[],"class_list":{"0":"post-11557","1":"product","2":"type-product","3":"status-publish","4":"has-post-thumbnail","6":"product_cat-eettafels","8":"first","9":"instock","10":"taxable","11":"shipping-taxable","12":"product-type-simple"},"exclude_global_add_ons":[],"addons":[],"acf":[],"yoast_head":null,"yoast_head_json":null,"_links":{"self":[{"href":"https:\/\/www.breesnewworld.nl\/da\/wp-json\/wp\/v2\/product\/11557","targetHints":{"allow":["GET"]}}],"collection":[{"href":"https:\/\/www.breesnewworld.nl\/da\/wp-json\/wp\/v2\/product"}],"about":[{"href":"https:\/\/www.breesnewworld.nl\/da\/wp-json\/wp\/v2\/types\/product"}],"wp:featuredmedia":[{"embeddable":true,"href":"https:\/\/www.breesnewworld.nl\/da\/wp-json\/wp\/v2\/media\/11606"}],"wp:attachment":[{"href":"https:\/\/www.breesnewworld.nl\/da\/wp-json\/wp\/v2\/media?parent=11557"}],"wp:term":[{"taxonomy":"product_brand","embeddable":true,"href":"https:\/\/www.breesnewworld.nl\/da\/wp-json\/wp\/v2\/product_brand?post=11557"},{"taxonomy":"product_cat","embeddable":true,"href":"https:\/\/www.breesnewworld.nl\/da\/wp-json\/wp\/v2\/product_cat?post=11557"},{"taxonomy":"product_tag","embeddable":true,"href":"https:\/\/www.breesnewworld.nl\/da\/wp-json\/wp\/v2\/product_tag?post=11557"}],"curies":[{"name":"wp","href":"https:\/\/api.w.org\/{rel}","templated":true}]}}