{"id":11561,"date":"2025-11-05T13:05:19","date_gmt":"2025-11-05T12:05:19","guid":{"rendered":"https:\/\/www.breesnewworld.nl\/?post_type=product&#038;p=11561"},"modified":"2025-11-26T11:09:24","modified_gmt":"2025-11-26T10:09:24","slug":"eettafel-thor-cloudy","status":"publish","type":"product","link":"https:\/\/www.breesnewworld.nl\/da\/collectie\/eettafels\/eettafel-thor-cloudy\/","title":{"rendered":"Organisk spisebord Thor Cloudy"},"content":{"rendered":"","protected":false},"excerpt":{"rendered":"&#039;Thor Cloudy&#039; spisebordet er et organisk spisebord med et centralt ben. B\u00e5de bordpladen og benet f\u00e5s i flere versioner. Dette organiske spisebord er baseret p\u00e5 <a href=\"https:\/\/www.breesnewworld.nl\/da\/cloudy-by-brees-new-world\/\">overskyet<\/a> kollektion og er yderst velegnet til at kombinere med en <a href=\"https:\/\/www.breesnewworld.nl\/da\/banken\/\">spisestue sofa<\/a>Dette spisebord i organisk design passer perfekt ind i et moderne, skandinavisk eller japansk interi\u00f8r og g\u00f8r hvert m\u00e5ltid til noget s\u00e6rligt!","protected":false},"featured_media":11600,"template":"","meta":{"_acf_changed":false},"product_brand":[],"product_cat":[73],"product_tag":[],"class_list":{"0":"post-11561","1":"product","2":"type-product","3":"status-publish","4":"has-post-thumbnail","6":"product_cat-eettafels","8":"first","9":"instock","10":"taxable","11":"shipping-taxable","12":"product-type-simple"},"exclude_global_add_ons":[],"addons":[],"acf":[],"yoast_head":null,"yoast_head_json":null,"_links":{"self":[{"href":"https:\/\/www.breesnewworld.nl\/da\/wp-json\/wp\/v2\/product\/11561","targetHints":{"allow":["GET"]}}],"collection":[{"href":"https:\/\/www.breesnewworld.nl\/da\/wp-json\/wp\/v2\/product"}],"about":[{"href":"https:\/\/www.breesnewworld.nl\/da\/wp-json\/wp\/v2\/types\/product"}],"wp:featuredmedia":[{"embeddable":true,"href":"https:\/\/www.breesnewworld.nl\/da\/wp-json\/wp\/v2\/media\/11600"}],"wp:attachment":[{"href":"https:\/\/www.breesnewworld.nl\/da\/wp-json\/wp\/v2\/media?parent=11561"}],"wp:term":[{"taxonomy":"product_brand","embeddable":true,"href":"https:\/\/www.breesnewworld.nl\/da\/wp-json\/wp\/v2\/product_brand?post=11561"},{"taxonomy":"product_cat","embeddable":true,"href":"https:\/\/www.breesnewworld.nl\/da\/wp-json\/wp\/v2\/product_cat?post=11561"},{"taxonomy":"product_tag","embeddable":true,"href":"https:\/\/www.breesnewworld.nl\/da\/wp-json\/wp\/v2\/product_tag?post=11561"}],"curies":[{"name":"wp","href":"https:\/\/api.w.org\/{rel}","templated":true}]}}