{"id":11611,"date":"2025-11-29T08:49:58","date_gmt":"2025-11-29T07:49:58","guid":{"rendered":"https:\/\/www.breesnewworld.nl\/?post_type=product&#038;p=11611"},"modified":"2026-04-05T16:40:35","modified_gmt":"2026-04-05T14:40:35","slug":"twinny-butler","status":"publish","type":"product","link":"https:\/\/www.breesnewworld.nl\/da\/samling\/salontafels-en-bijzettafels\/twinny-butler\/","title":{"rendered":"Twinny Butler"},"content":{"rendered":"","protected":false},"excerpt":{"rendered":"Twinny sidebords\u00e6ttet er et moderne s\u00e6t med et industrielt look. De \u00e6ggeformede bordplader hviler p\u00e5 en diskret metalramme, der f\u00e5s i enten rustfrit st\u00e5l eller sort epoxy. Twinny sidebordene kombineres ofte med <a href=\"https:\/\/www.breesnewworld.nl\/da\/samling\/salontafels-en-bijzettafels\/twinny-hpl-plastika\/\">sofaborde<\/a> Twinny. Hvor sidstn\u00e6vnte ofte placeres foran sofaen, kan sidebordene gerne st\u00e5 som hj\u00f8rneborde ved siden af sofaen eller en l\u00e6nestol.\r\n\r\n&nbsp;","protected":false},"featured_media":11676,"template":"","meta":{"_acf_changed":false},"product_brand":[],"product_cat":[77,105],"product_tag":[],"class_list":{"0":"post-11611","1":"product","2":"type-product","3":"status-publish","4":"has-post-thumbnail","6":"product_cat-salontafels-en-bijzettafels","7":"product_cat-tafel-bij-bank","9":"first","10":"instock","11":"taxable","12":"shipping-taxable","13":"product-type-simple"},"exclude_global_add_ons":[],"addons":[],"acf":[],"yoast_head":null,"yoast_head_json":null,"_links":{"self":[{"href":"https:\/\/www.breesnewworld.nl\/da\/wp-json\/wp\/v2\/product\/11611","targetHints":{"allow":["GET"]}}],"collection":[{"href":"https:\/\/www.breesnewworld.nl\/da\/wp-json\/wp\/v2\/product"}],"about":[{"href":"https:\/\/www.breesnewworld.nl\/da\/wp-json\/wp\/v2\/types\/product"}],"wp:featuredmedia":[{"embeddable":true,"href":"https:\/\/www.breesnewworld.nl\/da\/wp-json\/wp\/v2\/media\/11676"}],"wp:attachment":[{"href":"https:\/\/www.breesnewworld.nl\/da\/wp-json\/wp\/v2\/media?parent=11611"}],"wp:term":[{"taxonomy":"product_brand","embeddable":true,"href":"https:\/\/www.breesnewworld.nl\/da\/wp-json\/wp\/v2\/product_brand?post=11611"},{"taxonomy":"product_cat","embeddable":true,"href":"https:\/\/www.breesnewworld.nl\/da\/wp-json\/wp\/v2\/product_cat?post=11611"},{"taxonomy":"product_tag","embeddable":true,"href":"https:\/\/www.breesnewworld.nl\/da\/wp-json\/wp\/v2\/product_tag?post=11611"}],"curies":[{"name":"wp","href":"https:\/\/api.w.org\/{rel}","templated":true}]}}